{"id":2755,"date":"2022-02-20T19:40:15","date_gmt":"2022-02-20T18:40:15","guid":{"rendered":"https:\/\/central-seefeld.com\/arrivo-a-seefeld-in-tirolo\/"},"modified":"2022-06-14T19:11:44","modified_gmt":"2022-06-14T17:11:44","slug":"arrivo-a-seefeld-in-tirolo","status":"publish","type":"page","link":"https:\/\/central-seefeld.at\/it\/arrivo-a-seefeld-in-tirolo\/","title":{"rendered":"Arrivo a Seefeld in Tirolo"},"content":{"rendered":"\t\t<div data-elementor-type=\"wp-page\" data-elementor-id=\"2755\" class=\"elementor elementor-2755 elementor-560\" data-elementor-post-type=\"page\">\n\t\t\t\t\t\t<section class=\"elementor-section elementor-top-section elementor-element elementor-element-39af6f38 elementor-section-boxed elementor-section-height-default elementor-section-height-default\" data-id=\"39af6f38\" data-element_type=\"section\" data-e-type=\"section\">\n\t\t\t\t\t\t<div class=\"elementor-container elementor-column-gap-default\">\n\t\t\t\t\t<div class=\"elementor-column elementor-col-100 elementor-top-column elementor-element elementor-element-28546ac\" data-id=\"28546ac\" data-element_type=\"column\" data-e-type=\"column\">\n\t\t\t<div class=\"elementor-widget-wrap elementor-element-populated\">\n\t\t\t\t\t\t<div class=\"elementor-element elementor-element-52836561 elementor-widget elementor-widget-text-editor\" data-id=\"52836561\" data-element_type=\"widget\" data-e-type=\"widget\" data-widget_type=\"text-editor.default\">\n\t\t\t\t<div class=\"elementor-widget-container\">\n\t\t\t\t\t\t\t\t\t<p>Come si arriva a Seefeld in Tirol?<\/p>\t\t\t\t\t\t\t\t<\/div>\n\t\t\t\t<\/div>\n\t\t\t\t<div class=\"elementor-element elementor-element-1a5a449e elementor-widget elementor-widget-heading\" data-id=\"1a5a449e\" data-element_type=\"widget\" data-e-type=\"widget\" data-widget_type=\"heading.default\">\n\t\t\t\t<div class=\"elementor-widget-container\">\n\t\t\t\t\t<h2 class=\"elementor-heading-title elementor-size-default\">Arrivo all'Hotel Central Seefeld<\/h2>\t\t\t\t<\/div>\n\t\t\t\t<\/div>\n\t\t\t\t<div class=\"elementor-element elementor-element-265522a7 elementor-widget elementor-widget-text-editor\" data-id=\"265522a7\" data-element_type=\"widget\" data-e-type=\"widget\" data-widget_type=\"text-editor.default\">\n\t\t\t\t<div class=\"elementor-widget-container\">\n\t\t\t\t\t\t\t\t\t<p>Il nostro hotel si trova nel cuore del Tirolo, nel cuore della regione di Seefeld.<br><br>L\u2019altopiano di Seefeld \u00e8 circa 22 km ad est di Innsbruck a 1200 m s.l.m. ed \u00e8 comodamente raggiungibile dalla Germania, Italia e Svizzera.<br><br>L\u2019Hotel Central \u00e8 nel cuore di Seefeld, all\u2019inizio della zona pedonale e di fronte al Parco Termale. Negozi, bar e aree ricreative sono nelle dirette vicinanze. <strong><br><\/strong><\/p>\t\t\t\t\t\t\t\t<\/div>\n\t\t\t\t<\/div>\n\t\t\t\t\t<\/div>\n\t\t<\/div>\n\t\t\t\t\t<\/div>\n\t\t<\/section>\n\t\t\t\t<section class=\"elementor-section elementor-top-section elementor-element elementor-element-c143337 elementor-section-boxed elementor-section-height-default elementor-section-height-default\" data-id=\"c143337\" data-element_type=\"section\" data-e-type=\"section\">\n\t\t\t\t\t\t<div class=\"elementor-container elementor-column-gap-default\">\n\t\t\t\t\t<div class=\"elementor-column elementor-col-100 elementor-top-column elementor-element elementor-element-8b46c70\" data-id=\"8b46c70\" data-element_type=\"column\" data-e-type=\"column\">\n\t\t\t<div class=\"elementor-widget-wrap elementor-element-populated\">\n\t\t\t\t\t\t<div class=\"elementor-element elementor-element-c815153 elementor-widget elementor-widget-google_maps\" data-id=\"c815153\" data-element_type=\"widget\" data-e-type=\"widget\" data-widget_type=\"google_maps.default\">\n\t\t\t\t<div class=\"elementor-widget-container\">\n\t\t\t\t\t\t\t<div class=\"elementor-custom-embed\">\n\t\t\t<iframe loading=\"lazy\"\n\t\t\t\t\tsrc=\"https:\/\/maps.google.com\/maps?q=Hotel%20Central%20Seefeld%20in%20Tirol&#038;t=m&#038;z=18&#038;output=embed&#038;iwloc=near\"\n\t\t\t\t\ttitle=\"Hotel Central Seefeld in Tirol\"\n\t\t\t\t\taria-label=\"Hotel Central Seefeld in Tirol\"\n\t\t\t><\/iframe>\n\t\t<\/div>\n\t\t\t\t\t\t<\/div>\n\t\t\t\t<\/div>\n\t\t\t\t\t<\/div>\n\t\t<\/div>\n\t\t\t\t\t<\/div>\n\t\t<\/section>\n\t\t\t\t<section class=\"elementor-section elementor-top-section elementor-element elementor-element-7bbc0f6a elementor-section-content-middle elementor-section-boxed elementor-section-height-default elementor-section-height-default\" data-id=\"7bbc0f6a\" data-element_type=\"section\" data-e-type=\"section\">\n\t\t\t\t\t\t<div class=\"elementor-container elementor-column-gap-no\">\n\t\t\t\t\t<div class=\"elementor-column elementor-col-100 elementor-top-column elementor-element elementor-element-5461057\" data-id=\"5461057\" data-element_type=\"column\" data-e-type=\"column\">\n\t\t\t<div class=\"elementor-widget-wrap elementor-element-populated\">\n\t\t\t\t\t\t<section class=\"elementor-section elementor-inner-section elementor-element elementor-element-48853c4a elementor-section-content-middle elementor-reverse-mobile elementor-section-boxed elementor-section-height-default elementor-section-height-default\" data-id=\"48853c4a\" data-element_type=\"section\" data-e-type=\"section\">\n\t\t\t\t\t\t<div class=\"elementor-container elementor-column-gap-no\">\n\t\t\t\t\t<div class=\"elementor-column elementor-col-100 elementor-inner-column elementor-element elementor-element-14122b06\" data-id=\"14122b06\" data-element_type=\"column\" data-e-type=\"column\">\n\t\t\t<div class=\"elementor-widget-wrap elementor-element-populated\">\n\t\t\t\t\t\t<div class=\"elementor-element elementor-element-299a12fe elementor-widget elementor-widget-heading\" data-id=\"299a12fe\" data-element_type=\"widget\" data-e-type=\"widget\" data-widget_type=\"heading.default\">\n\t\t\t\t<div class=\"elementor-widget-container\">\n\t\t\t\t\t<h3 class=\"elementor-heading-title elementor-size-default\">Con la macchina:<\/h3>\t\t\t\t<\/div>\n\t\t\t\t<\/div>\n\t\t\t\t<div class=\"elementor-element elementor-element-8d0f181 elementor-widget elementor-widget-text-editor\" data-id=\"8d0f181\" data-element_type=\"widget\" data-e-type=\"widget\" data-widget_type=\"text-editor.default\">\n\t\t\t\t<div class=\"elementor-widget-container\">\n\t\t\t\t\t\t\t\t\t<ul><li><strong>da Telfs\/M\u00f6sern:<\/strong><br>Da M\u00f6sern a Seefeld, passare davanti alla WM Halle e proseguire fino all\u2019incrocio Leutascherstra\u00dfe\/ Olympiastra\u00dfe. A questo incrocio girare a destra nella Olympiastra\u00dfe. Proseguire diritto, al primo incrocio si trova l\u2019Hotel Central.  <\/li><li><strong>da Leutasch:<\/strong><br>Da Leutasch a Seefeld. All\u2019incrocio Leutascherstra\u00dfe\/ Olympiastra\u00dfe girare a destra nella Olympiastra\u00dfe. Proseguire dritto, al primo incrocio si trova l\u2019Hotel Central.  <\/li><li><strong>da Innsbruck:<\/strong><br>Strada federale direzione Seefeld. Prendere l\u2019uscita Seefeld Mitte e proseguire nella direzione Seefeld Zentrum. Attraversare il passaggio a livello e dopo 50 m ca., sul lato destro della strada, si trova l\u2019Hotel Central.  <\/li><li><strong>da Garmisch\/Scharnitz:<\/strong><br>Strada federale direzione Seefeld. Prendere l\u2019uscita Seefeld Nord. Proseguire diritto, attraversare il passaggio a livello. Alla fine della M\u00fcnchnerstra\u00dfe, sul lato sinistro della strada, si trova l\u2019Hotel Central.   <\/li><\/ul>\t\t\t\t\t\t\t\t<\/div>\n\t\t\t\t<\/div>\n\t\t\t\t<div class=\"elementor-element elementor-element-ca02332 elementor-widget elementor-widget-heading\" data-id=\"ca02332\" data-element_type=\"widget\" data-e-type=\"widget\" data-widget_type=\"heading.default\">\n\t\t\t\t<div class=\"elementor-widget-container\">\n\t\t\t\t\t<h3 class=\"elementor-heading-title elementor-size-default\">Arrivare con il sistema di ricerca alberghi:<\/h3>\t\t\t\t<\/div>\n\t\t\t\t<\/div>\n\t\t\t\t<div class=\"elementor-element elementor-element-ac98075 elementor-widget elementor-widget-text-editor\" data-id=\"ac98075\" data-element_type=\"widget\" data-e-type=\"widget\" data-widget_type=\"text-editor.default\">\n\t\t\t\t<div class=\"elementor-widget-container\">\n\t\t\t\t\t\t\t\t\t<ul><li>Seguite sempre l\u2019itinerario verde \u2013 il nostro hotel \u00e8 nella M\u00fcnchnerstra\u00dfe 41.<\/li><\/ul>\t\t\t\t\t\t\t\t<\/div>\n\t\t\t\t<\/div>\n\t\t\t\t<div class=\"elementor-element elementor-element-a60037d elementor-widget elementor-widget-heading\" data-id=\"a60037d\" data-element_type=\"widget\" data-e-type=\"widget\" data-widget_type=\"heading.default\">\n\t\t\t\t<div class=\"elementor-widget-container\">\n\t\t\t\t\t<h3 class=\"elementor-heading-title elementor-size-default\">Arrivare con il sistema di ricerca alberghi:<\/h3>\t\t\t\t<\/div>\n\t\t\t\t<\/div>\n\t\t\t\t<div class=\"elementor-element elementor-element-76a2240 elementor-widget elementor-widget-text-editor\" data-id=\"76a2240\" data-element_type=\"widget\" data-e-type=\"widget\" data-widget_type=\"text-editor.default\">\n\t\t\t\t<div class=\"elementor-widget-container\">\n\t\t\t\t\t\t\t\t\t<ul><li><strong>Con il treno:<\/strong><br>Possiamo organizzare per voi il trasferimento da e per le vicine stazioni ferroviarie. Ulteriori informazioni riguardo orari e biglietti potete trovarle sul sito delle ferrovie austriache <a class=\"external-link-new-window\" title=\"Apre il collegamento esterno in una nuova finestra\" href=\"http:\/\/www.oebb.at\/\" target=\"_blank\" rel=\"noopener\">\u00d6BB<\/a>.<\/li><li><strong>Con l\u2019autobus:<\/strong><br>Possiamo organizzare per voi il trasferimento da e per le vicine fermate degli autobus. Ulteriori informazioni riguardo orari e biglietti potete trovarle sul sito <a class=\"external-link-new-window\" title=\"\" href=\"\" target=\"\" rel=\"\">FLIXBUS<\/a> o <a class=\"external-link-new-window\" title=\"\" href=\"\" target=\"\" rel=\"\">POSTBUS<\/a> <\/li><li><strong>Con l\u2019aereo:<\/strong><br>Possiamo organizzare per voi il trasferimento da e per diversi aeroporti. Qui troverete informazioni dettagliate sui voli e sui vicini aeroporti di <a class=\"external-link-new-window\" title=\"\" href=\"\" target=\"\" rel=\"\">Innsbruck<\/a> (20 km ca.) e <a class=\"external-link-new-window\" title=\"\" href=\"\" target=\"\" rel=\"\">M\u00fcnchen<\/a> (180 km ca.) <\/li><\/ul>\t\t\t\t\t\t\t\t<\/div>\n\t\t\t\t<\/div>\n\t\t\t\t\t<\/div>\n\t\t<\/div>\n\t\t\t\t\t<\/div>\n\t\t<\/section>\n\t\t\t\t\t<\/div>\n\t\t<\/div>\n\t\t\t\t\t<\/div>\n\t\t<\/section>\n\t\t\t\t<\/div>\n\t\t","protected":false},"excerpt":{"rendered":"<p>Come si arriva a Seefeld in Tirol? Arrivo all&#8217;Hotel Central Seefeld Il nostro hotel si trova nel cuore del Tirolo, nel cuore della regione di Seefeld. L\u2019altopiano di Seefeld \u00e8 circa 22 km ad est di Innsbruck a 1200 m s.l.m. ed \u00e8 comodamente raggiungibile dalla Germania, Italia e Svizzera. L\u2019Hotel Central \u00e8 nel cuore [&hellip;]<\/p>\n","protected":false},"author":1,"featured_media":1860,"parent":0,"menu_order":0,"comment_status":"closed","ping_status":"closed","template":"","meta":{"footnotes":""},"class_list":["post-2755","page","type-page","status-publish","has-post-thumbnail","hentry"],"yoast_head":"<!-- This site is optimized with the Yoast SEO plugin v26.9 - https:\/\/yoast.com\/product\/yoast-seo-wordpress\/ -->\n<title>Arrivo a Seefeld in Tirolo - Hotel Central Seefeld in Tirol - 4 Sterne Hotel<\/title>\n<meta name=\"robots\" content=\"index, follow, max-snippet:-1, max-image-preview:large, max-video-preview:-1\" \/>\n<link rel=\"canonical\" href=\"https:\/\/central-seefeld.at\/it\/arrivo-a-seefeld-in-tirolo\/\" \/>\n<meta property=\"og:locale\" content=\"it_IT\" \/>\n<meta property=\"og:type\" content=\"article\" \/>\n<meta property=\"og:title\" content=\"Arrivo a Seefeld in Tirolo - Hotel Central Seefeld in Tirol - 4 Sterne Hotel\" \/>\n<meta property=\"og:description\" content=\"Come si arriva a Seefeld in Tirol? Arrivo all&#8217;Hotel Central Seefeld Il nostro hotel si trova nel cuore del Tirolo, nel cuore della regione di Seefeld. L\u2019altopiano di Seefeld \u00e8 circa 22 km ad est di Innsbruck a 1200 m s.l.m. ed \u00e8 comodamente raggiungibile dalla Germania, Italia e Svizzera. L\u2019Hotel Central \u00e8 nel cuore [&hellip;]\" \/>\n<meta property=\"og:url\" content=\"https:\/\/central-seefeld.at\/it\/arrivo-a-seefeld-in-tirolo\/\" \/>\n<meta property=\"og:site_name\" content=\"Hotel Central Seefeld in Tirol - 4 Sterne Hotel\" \/>\n<meta property=\"article:publisher\" content=\"https:\/\/www.facebook.com\/central.seefeld\/\" \/>\n<meta property=\"article:modified_time\" content=\"2022-06-14T17:11:44+00:00\" \/>\n<meta property=\"og:image\" content=\"https:\/\/central-seefeld.at\/wp-content\/uploads\/Ortsaufnahme-Panorama-Seefeld-SebastianMarko.jpg\" \/>\n\t<meta property=\"og:image:width\" content=\"1500\" \/>\n\t<meta property=\"og:image:height\" content=\"651\" \/>\n\t<meta property=\"og:image:type\" content=\"image\/jpeg\" \/>\n<meta name=\"twitter:card\" content=\"summary_large_image\" \/>\n<meta name=\"twitter:label1\" content=\"Tempo di lettura stimato\" \/>\n\t<meta name=\"twitter:data1\" content=\"2 minuti\" \/>\n<script type=\"application\/ld+json\" class=\"yoast-schema-graph\">{\"@context\":\"https:\/\/schema.org\",\"@graph\":[{\"@type\":\"WebPage\",\"@id\":\"https:\/\/central-seefeld.at\/it\/arrivo-a-seefeld-in-tirolo\/\",\"url\":\"https:\/\/central-seefeld.at\/it\/arrivo-a-seefeld-in-tirolo\/\",\"name\":\"Arrivo a Seefeld in Tirolo - Hotel Central Seefeld in Tirol - 4 Sterne Hotel\",\"isPartOf\":{\"@id\":\"https:\/\/central-seefeld.at\/#website\"},\"primaryImageOfPage\":{\"@id\":\"https:\/\/central-seefeld.at\/it\/arrivo-a-seefeld-in-tirolo\/#primaryimage\"},\"image\":{\"@id\":\"https:\/\/central-seefeld.at\/it\/arrivo-a-seefeld-in-tirolo\/#primaryimage\"},\"thumbnailUrl\":\"https:\/\/central-seefeld.at\/wp-content\/uploads\/Ortsaufnahme-Panorama-Seefeld-SebastianMarko.jpg\",\"datePublished\":\"2022-02-20T18:40:15+00:00\",\"dateModified\":\"2022-06-14T17:11:44+00:00\",\"breadcrumb\":{\"@id\":\"https:\/\/central-seefeld.at\/it\/arrivo-a-seefeld-in-tirolo\/#breadcrumb\"},\"inLanguage\":\"it-IT\",\"potentialAction\":[{\"@type\":\"ReadAction\",\"target\":[\"https:\/\/central-seefeld.at\/it\/arrivo-a-seefeld-in-tirolo\/\"]}]},{\"@type\":\"ImageObject\",\"inLanguage\":\"it-IT\",\"@id\":\"https:\/\/central-seefeld.at\/it\/arrivo-a-seefeld-in-tirolo\/#primaryimage\",\"url\":\"https:\/\/central-seefeld.at\/wp-content\/uploads\/Ortsaufnahme-Panorama-Seefeld-SebastianMarko.jpg\",\"contentUrl\":\"https:\/\/central-seefeld.at\/wp-content\/uploads\/Ortsaufnahme-Panorama-Seefeld-SebastianMarko.jpg\",\"width\":1500,\"height\":651,\"caption\":\"Aerial photography olympic region Seefeld \/ Tyrol\"},{\"@type\":\"BreadcrumbList\",\"@id\":\"https:\/\/central-seefeld.at\/it\/arrivo-a-seefeld-in-tirolo\/#breadcrumb\",\"itemListElement\":[{\"@type\":\"ListItem\",\"position\":1,\"name\":\"Startseite\",\"item\":\"https:\/\/central-seefeld.at\/it\/hotel-central-a-seefeld-in-tirol\/\"},{\"@type\":\"ListItem\",\"position\":2,\"name\":\"Arrivo a Seefeld in Tirolo\"}]},{\"@type\":\"WebSite\",\"@id\":\"https:\/\/central-seefeld.at\/#website\",\"url\":\"https:\/\/central-seefeld.at\/\",\"name\":\"Hotel Central Seefeld in Tirol - 4 Sterne Hotel\",\"description\":\"\",\"publisher\":{\"@id\":\"https:\/\/central-seefeld.at\/#organization\"},\"potentialAction\":[{\"@type\":\"SearchAction\",\"target\":{\"@type\":\"EntryPoint\",\"urlTemplate\":\"https:\/\/central-seefeld.at\/?s={search_term_string}\"},\"query-input\":{\"@type\":\"PropertyValueSpecification\",\"valueRequired\":true,\"valueName\":\"search_term_string\"}}],\"inLanguage\":\"it-IT\"},{\"@type\":\"Organization\",\"@id\":\"https:\/\/central-seefeld.at\/#organization\",\"name\":\"Hotel Central Seefeld in Tirol\",\"url\":\"https:\/\/central-seefeld.at\/\",\"logo\":{\"@type\":\"ImageObject\",\"inLanguage\":\"it-IT\",\"@id\":\"https:\/\/central-seefeld.at\/#\/schema\/logo\/image\/\",\"url\":\"https:\/\/central-seefeld.com\/wp-content\/uploads\/hotel-central-seefeld-logo.svg\",\"contentUrl\":\"https:\/\/central-seefeld.com\/wp-content\/uploads\/hotel-central-seefeld-logo.svg\",\"width\":132,\"height\":64,\"caption\":\"Hotel Central Seefeld in Tirol\"},\"image\":{\"@id\":\"https:\/\/central-seefeld.at\/#\/schema\/logo\/image\/\"},\"sameAs\":[\"https:\/\/www.facebook.com\/central.seefeld\/\",\"https:\/\/www.instagram.com\/hotelcentralseefeld\/\"]}]}<\/script>\n<!-- \/ Yoast SEO plugin. -->","yoast_head_json":{"title":"Arrivo a Seefeld in Tirolo - Hotel Central Seefeld in Tirol - 4 Sterne Hotel","robots":{"index":"index","follow":"follow","max-snippet":"max-snippet:-1","max-image-preview":"max-image-preview:large","max-video-preview":"max-video-preview:-1"},"canonical":"https:\/\/central-seefeld.at\/it\/arrivo-a-seefeld-in-tirolo\/","og_locale":"it_IT","og_type":"article","og_title":"Arrivo a Seefeld in Tirolo - Hotel Central Seefeld in Tirol - 4 Sterne Hotel","og_description":"Come si arriva a Seefeld in Tirol? Arrivo all&#8217;Hotel Central Seefeld Il nostro hotel si trova nel cuore del Tirolo, nel cuore della regione di Seefeld. L\u2019altopiano di Seefeld \u00e8 circa 22 km ad est di Innsbruck a 1200 m s.l.m. ed \u00e8 comodamente raggiungibile dalla Germania, Italia e Svizzera. L\u2019Hotel Central \u00e8 nel cuore [&hellip;]","og_url":"https:\/\/central-seefeld.at\/it\/arrivo-a-seefeld-in-tirolo\/","og_site_name":"Hotel Central Seefeld in Tirol - 4 Sterne Hotel","article_publisher":"https:\/\/www.facebook.com\/central.seefeld\/","article_modified_time":"2022-06-14T17:11:44+00:00","og_image":[{"width":1500,"height":651,"url":"https:\/\/central-seefeld.at\/wp-content\/uploads\/Ortsaufnahme-Panorama-Seefeld-SebastianMarko.jpg","type":"image\/jpeg"}],"twitter_card":"summary_large_image","twitter_misc":{"Tempo di lettura stimato":"2 minuti"},"schema":{"@context":"https:\/\/schema.org","@graph":[{"@type":"WebPage","@id":"https:\/\/central-seefeld.at\/it\/arrivo-a-seefeld-in-tirolo\/","url":"https:\/\/central-seefeld.at\/it\/arrivo-a-seefeld-in-tirolo\/","name":"Arrivo a Seefeld in Tirolo - Hotel Central Seefeld in Tirol - 4 Sterne Hotel","isPartOf":{"@id":"https:\/\/central-seefeld.at\/#website"},"primaryImageOfPage":{"@id":"https:\/\/central-seefeld.at\/it\/arrivo-a-seefeld-in-tirolo\/#primaryimage"},"image":{"@id":"https:\/\/central-seefeld.at\/it\/arrivo-a-seefeld-in-tirolo\/#primaryimage"},"thumbnailUrl":"https:\/\/central-seefeld.at\/wp-content\/uploads\/Ortsaufnahme-Panorama-Seefeld-SebastianMarko.jpg","datePublished":"2022-02-20T18:40:15+00:00","dateModified":"2022-06-14T17:11:44+00:00","breadcrumb":{"@id":"https:\/\/central-seefeld.at\/it\/arrivo-a-seefeld-in-tirolo\/#breadcrumb"},"inLanguage":"it-IT","potentialAction":[{"@type":"ReadAction","target":["https:\/\/central-seefeld.at\/it\/arrivo-a-seefeld-in-tirolo\/"]}]},{"@type":"ImageObject","inLanguage":"it-IT","@id":"https:\/\/central-seefeld.at\/it\/arrivo-a-seefeld-in-tirolo\/#primaryimage","url":"https:\/\/central-seefeld.at\/wp-content\/uploads\/Ortsaufnahme-Panorama-Seefeld-SebastianMarko.jpg","contentUrl":"https:\/\/central-seefeld.at\/wp-content\/uploads\/Ortsaufnahme-Panorama-Seefeld-SebastianMarko.jpg","width":1500,"height":651,"caption":"Aerial photography olympic region Seefeld \/ Tyrol"},{"@type":"BreadcrumbList","@id":"https:\/\/central-seefeld.at\/it\/arrivo-a-seefeld-in-tirolo\/#breadcrumb","itemListElement":[{"@type":"ListItem","position":1,"name":"Startseite","item":"https:\/\/central-seefeld.at\/it\/hotel-central-a-seefeld-in-tirol\/"},{"@type":"ListItem","position":2,"name":"Arrivo a Seefeld in Tirolo"}]},{"@type":"WebSite","@id":"https:\/\/central-seefeld.at\/#website","url":"https:\/\/central-seefeld.at\/","name":"Hotel Central Seefeld in Tirol - 4 Sterne Hotel","description":"","publisher":{"@id":"https:\/\/central-seefeld.at\/#organization"},"potentialAction":[{"@type":"SearchAction","target":{"@type":"EntryPoint","urlTemplate":"https:\/\/central-seefeld.at\/?s={search_term_string}"},"query-input":{"@type":"PropertyValueSpecification","valueRequired":true,"valueName":"search_term_string"}}],"inLanguage":"it-IT"},{"@type":"Organization","@id":"https:\/\/central-seefeld.at\/#organization","name":"Hotel Central Seefeld in Tirol","url":"https:\/\/central-seefeld.at\/","logo":{"@type":"ImageObject","inLanguage":"it-IT","@id":"https:\/\/central-seefeld.at\/#\/schema\/logo\/image\/","url":"https:\/\/central-seefeld.com\/wp-content\/uploads\/hotel-central-seefeld-logo.svg","contentUrl":"https:\/\/central-seefeld.com\/wp-content\/uploads\/hotel-central-seefeld-logo.svg","width":132,"height":64,"caption":"Hotel Central Seefeld in Tirol"},"image":{"@id":"https:\/\/central-seefeld.at\/#\/schema\/logo\/image\/"},"sameAs":["https:\/\/www.facebook.com\/central.seefeld\/","https:\/\/www.instagram.com\/hotelcentralseefeld\/"]}]}},"_links":{"self":[{"href":"https:\/\/central-seefeld.at\/it\/wp-json\/wp\/v2\/pages\/2755","targetHints":{"allow":["GET"]}}],"collection":[{"href":"https:\/\/central-seefeld.at\/it\/wp-json\/wp\/v2\/pages"}],"about":[{"href":"https:\/\/central-seefeld.at\/it\/wp-json\/wp\/v2\/types\/page"}],"author":[{"embeddable":true,"href":"https:\/\/central-seefeld.at\/it\/wp-json\/wp\/v2\/users\/1"}],"replies":[{"embeddable":true,"href":"https:\/\/central-seefeld.at\/it\/wp-json\/wp\/v2\/comments?post=2755"}],"version-history":[{"count":1,"href":"https:\/\/central-seefeld.at\/it\/wp-json\/wp\/v2\/pages\/2755\/revisions"}],"predecessor-version":[{"id":2756,"href":"https:\/\/central-seefeld.at\/it\/wp-json\/wp\/v2\/pages\/2755\/revisions\/2756"}],"wp:featuredmedia":[{"embeddable":true,"href":"https:\/\/central-seefeld.at\/it\/wp-json\/wp\/v2\/media\/1860"}],"wp:attachment":[{"href":"https:\/\/central-seefeld.at\/it\/wp-json\/wp\/v2\/media?parent=2755"}],"curies":[{"name":"wp","href":"https:\/\/api.w.org\/{rel}","templated":true}]}}