{"id":2792,"date":"2022-02-20T18:47:55","date_gmt":"2022-02-20T17:47:55","guid":{"rendered":"https:\/\/central-seefeld.com\/wellness\/"},"modified":"2026-02-11T10:58:16","modified_gmt":"2026-02-11T09:58:16","slug":"wellness","status":"publish","type":"page","link":"https:\/\/central-seefeld.at\/it\/wellness\/","title":{"rendered":"Wellness"},"content":{"rendered":"\t\t<div data-elementor-type=\"wp-page\" data-elementor-id=\"2792\" class=\"elementor elementor-2792 elementor-524\" data-elementor-post-type=\"page\">\n\t\t\t\t\t\t<section class=\"elementor-section elementor-top-section elementor-element elementor-element-59aaa60b elementor-section-boxed elementor-section-height-default elementor-section-height-default\" data-id=\"59aaa60b\" data-element_type=\"section\" data-e-type=\"section\">\n\t\t\t\t\t\t<div class=\"elementor-container elementor-column-gap-default\">\n\t\t\t\t\t<div class=\"elementor-column elementor-col-100 elementor-top-column elementor-element elementor-element-6cab464\" data-id=\"6cab464\" data-element_type=\"column\" data-e-type=\"column\">\n\t\t\t<div class=\"elementor-widget-wrap elementor-element-populated\">\n\t\t\t\t\t\t<div class=\"elementor-element elementor-element-61d5901 elementor-widget elementor-widget-text-editor\" data-id=\"61d5901\" data-element_type=\"widget\" data-e-type=\"widget\" data-widget_type=\"text-editor.default\">\n\t\t\t\t<div class=\"elementor-widget-container\">\n\t\t\t\t\t\t\t\t\t<p>Benessere e sauna a Seefeld in Tirolo<\/p>\t\t\t\t\t\t\t\t<\/div>\n\t\t\t\t<\/div>\n\t\t\t\t<div class=\"elementor-element elementor-element-26180348 elementor-widget elementor-widget-heading\" data-id=\"26180348\" data-element_type=\"widget\" data-e-type=\"widget\" data-widget_type=\"heading.default\">\n\t\t\t\t<div class=\"elementor-widget-container\">\n\t\t\t\t\t<h2 class=\"elementor-heading-title elementor-size-default\">Wellness nella nostra Central-Therme.<\/h2>\t\t\t\t<\/div>\n\t\t\t\t<\/div>\n\t\t\t\t<div class=\"elementor-element elementor-element-4dc9b90 elementor-widget elementor-widget-text-editor\" data-id=\"4dc9b90\" data-element_type=\"widget\" data-e-type=\"widget\" data-widget_type=\"text-editor.default\">\n\t\t\t\t<div class=\"elementor-widget-container\">\n\t\t\t\t\t\t\t\t\t<p><b>Area wellness<\/b> ben attrezzata per il piacere di rigenerarsi e sala fitness per tenersi in forma. Qui il corpo, la mente e lo spirito ritrovano il loro equilibrio naturale.  Sauna, bagno turco o cabina a infrarossi per rilassarsi dopo una giornata di escursioni o sci. Nell\u2019acqua fresca della piscina con idromassaggio potete finalmente distendervi e &#8220;staccare la spina&#8221;. <\/p>\t\t\t\t\t\t\t\t<\/div>\n\t\t\t\t<\/div>\n\t\t\t\t\t<\/div>\n\t\t<\/div>\n\t\t\t\t\t<\/div>\n\t\t<\/section>\n\t\t\t\t<section class=\"elementor-section elementor-top-section elementor-element elementor-element-67271222 elementor-section-content-middle elementor-section-boxed elementor-section-height-default elementor-section-height-default\" data-id=\"67271222\" data-element_type=\"section\" data-e-type=\"section\">\n\t\t\t\t\t\t<div class=\"elementor-container elementor-column-gap-no\">\n\t\t\t\t\t<div class=\"elementor-column elementor-col-100 elementor-top-column elementor-element elementor-element-434f438e\" data-id=\"434f438e\" data-element_type=\"column\" data-e-type=\"column\">\n\t\t\t<div class=\"elementor-widget-wrap elementor-element-populated\">\n\t\t\t\t\t\t<section class=\"elementor-section elementor-inner-section elementor-element elementor-element-7ccc8a08 elementor-section-content-middle elementor-section-boxed elementor-section-height-default elementor-section-height-default\" data-id=\"7ccc8a08\" data-element_type=\"section\" data-e-type=\"section\">\n\t\t\t\t\t\t<div class=\"elementor-container elementor-column-gap-no\">\n\t\t\t\t\t<div class=\"elementor-column elementor-col-50 elementor-inner-column elementor-element elementor-element-2d994015\" data-id=\"2d994015\" data-element_type=\"column\" data-e-type=\"column\">\n\t\t\t<div class=\"elementor-widget-wrap elementor-element-populated\">\n\t\t\t\t\t\t<div class=\"elementor-element elementor-element-ca602fa elementor--h-position-center elementor--v-position-middle elementor-arrows-position-inside elementor-pagination-position-inside elementor-widget elementor-widget-slides\" data-id=\"ca602fa\" data-element_type=\"widget\" data-e-type=\"widget\" data-settings=\"{&quot;navigation&quot;:&quot;both&quot;,&quot;autoplay&quot;:&quot;yes&quot;,&quot;pause_on_hover&quot;:&quot;yes&quot;,&quot;pause_on_interaction&quot;:&quot;yes&quot;,&quot;autoplay_speed&quot;:5000,&quot;infinite&quot;:&quot;yes&quot;,&quot;transition&quot;:&quot;slide&quot;,&quot;transition_speed&quot;:500}\" data-widget_type=\"slides.default\">\n\t\t\t\t<div class=\"elementor-widget-container\">\n\t\t\t\t\t\t\t\t\t<div class=\"elementor-swiper\">\n\t\t\t\t\t<div class=\"elementor-slides-wrapper elementor-main-swiper swiper\" role=\"region\" aria-roledescription=\"carousel\" aria-label=\"Slider\" dir=\"ltr\" data-animation=\"fadeInUp\">\n\t\t\t\t<div class=\"swiper-wrapper elementor-slides\">\n\t\t\t\t\t\t\t\t\t\t<div class=\"elementor-repeater-item-1e386f0 swiper-slide\" role=\"group\" aria-roledescription=\"slide\"><div class=\"swiper-slide-bg\" role=\"img\" aria-label=\"hotel-central-seefeld-maerz-2022-\u00a9DavidJohansson-9716-web\"><\/div><div class=\"swiper-slide-inner\" ><div class=\"swiper-slide-contents\"><\/div><\/div><\/div><div class=\"elementor-repeater-item-9364737 swiper-slide\" role=\"group\" aria-roledescription=\"slide\"><div class=\"swiper-slide-bg\" role=\"img\" aria-label=\"hotel-central-seefeld-maerz-2022-\u00a9DavidJohansson-9718-HDR-web\"><\/div><div class=\"swiper-slide-inner\" ><div class=\"swiper-slide-contents\"><\/div><\/div><\/div><div class=\"elementor-repeater-item-48acecd swiper-slide\" role=\"group\" aria-roledescription=\"slide\"><div class=\"swiper-slide-bg\" role=\"img\" aria-label=\"hotel-central-seefeld-maerz-2022-\u00a9DavidJohansson-9674-HDR-web\"><\/div><div class=\"swiper-slide-inner\" ><div class=\"swiper-slide-contents\"><\/div><\/div><\/div>\t\t\t\t<\/div>\n\t\t\t\t\t\t\t\t\t\t\t\t\t\t\t<div class=\"elementor-swiper-button elementor-swiper-button-prev\" role=\"button\" tabindex=\"0\" aria-label=\"Diapositiva precedente\">\n\t\t\t\t\t\t\t<i aria-hidden=\"true\" class=\"eicon-chevron-left\"><\/i>\t\t\t\t\t\t<\/div>\n\t\t\t\t\t\t<div class=\"elementor-swiper-button elementor-swiper-button-next\" role=\"button\" tabindex=\"0\" aria-label=\"Prossima diapositiva\">\n\t\t\t\t\t\t\t<i aria-hidden=\"true\" class=\"eicon-chevron-right\"><\/i>\t\t\t\t\t\t<\/div>\n\t\t\t\t\t\t\t\t\t\t\t\t\t\t\t\t<div class=\"swiper-pagination\"><\/div>\n\t\t\t\t\t\t\t\t\t\t\t\t<\/div>\n\t\t\t\t<\/div>\n\t\t\t\t\t\t\t\t<\/div>\n\t\t\t\t<\/div>\n\t\t\t\t\t<\/div>\n\t\t<\/div>\n\t\t\t\t<div class=\"elementor-column elementor-col-50 elementor-inner-column elementor-element elementor-element-6a6f50c8\" data-id=\"6a6f50c8\" data-element_type=\"column\" data-e-type=\"column\">\n\t\t\t<div class=\"elementor-widget-wrap elementor-element-populated\">\n\t\t\t\t\t\t<div class=\"elementor-element elementor-element-6af97620 elementor-widget elementor-widget-heading\" data-id=\"6af97620\" data-element_type=\"widget\" data-e-type=\"widget\" data-widget_type=\"heading.default\">\n\t\t\t\t<div class=\"elementor-widget-container\">\n\t\t\t\t\t<h3 class=\"elementor-heading-title elementor-size-default\">Sauna, bagno turco e cabina a infrarossi<\/h3>\t\t\t\t<\/div>\n\t\t\t\t<\/div>\n\t\t\t\t<div class=\"elementor-element elementor-element-4b993620 elementor-widget elementor-widget-text-editor\" data-id=\"4b993620\" data-element_type=\"widget\" data-e-type=\"widget\" data-widget_type=\"text-editor.default\">\n\t\t\t\t<div class=\"elementor-widget-container\">\n\t\t\t\t\t\t\t\t\t<p>La nostra area benessere offre l&#8217;ambiente ideale per rigenerarsi riposante dopo una giornata ricca di eventi. Rilassatevi nella <strong>nostra sauna<\/strong>, nel bagno di vapore o concedetevi una pausa nella <b>cabina a infrarossi<\/b>.<\/p>\t\t\t\t\t\t\t\t<\/div>\n\t\t\t\t<\/div>\n\t\t\t\t\t<\/div>\n\t\t<\/div>\n\t\t\t\t\t<\/div>\n\t\t<\/section>\n\t\t\t\t<section class=\"elementor-section elementor-inner-section elementor-element elementor-element-9abec54 elementor-section-content-middle elementor-section-boxed elementor-section-height-default elementor-section-height-default\" data-id=\"9abec54\" data-element_type=\"section\" data-e-type=\"section\">\n\t\t\t\t\t\t<div class=\"elementor-container elementor-column-gap-no\">\n\t\t\t\t\t<div class=\"elementor-column elementor-col-50 elementor-inner-column elementor-element elementor-element-7cb52f0\" data-id=\"7cb52f0\" data-element_type=\"column\" data-e-type=\"column\">\n\t\t\t<div class=\"elementor-widget-wrap elementor-element-populated\">\n\t\t\t\t\t\t<div class=\"elementor-element elementor-element-120f279 elementor-widget elementor-widget-heading\" data-id=\"120f279\" data-element_type=\"widget\" data-e-type=\"widget\" data-widget_type=\"heading.default\">\n\t\t\t\t<div class=\"elementor-widget-container\">\n\t\t\t\t\t<h3 class=\"elementor-heading-title elementor-size-default\">Palestra<\/h3>\t\t\t\t<\/div>\n\t\t\t\t<\/div>\n\t\t\t\t<div class=\"elementor-element elementor-element-bce3dfa elementor-widget elementor-widget-text-editor\" data-id=\"bce3dfa\" data-element_type=\"widget\" data-e-type=\"widget\" data-widget_type=\"text-editor.default\">\n\t\t\t\t<div class=\"elementor-widget-container\">\n\t\t\t\t\t\t\t\t\t<p>Nella nostra sala palestra puoi davvero allenarti. Barre pesi, macchine cardio e pesi ti tengono in forma in vacanza con noi a Seefeld. <\/p>\t\t\t\t\t\t\t\t<\/div>\n\t\t\t\t<\/div>\n\t\t\t\t\t<\/div>\n\t\t<\/div>\n\t\t\t\t<div class=\"elementor-column elementor-col-50 elementor-inner-column elementor-element elementor-element-143547b\" data-id=\"143547b\" data-element_type=\"column\" data-e-type=\"column\">\n\t\t\t<div class=\"elementor-widget-wrap elementor-element-populated\">\n\t\t\t\t\t\t<div class=\"elementor-element elementor-element-6d498c9 elementor--h-position-center elementor--v-position-middle elementor-arrows-position-inside elementor-pagination-position-inside elementor-widget elementor-widget-slides\" data-id=\"6d498c9\" data-element_type=\"widget\" data-e-type=\"widget\" data-settings=\"{&quot;navigation&quot;:&quot;both&quot;,&quot;autoplay&quot;:&quot;yes&quot;,&quot;pause_on_hover&quot;:&quot;yes&quot;,&quot;pause_on_interaction&quot;:&quot;yes&quot;,&quot;autoplay_speed&quot;:5000,&quot;infinite&quot;:&quot;yes&quot;,&quot;transition&quot;:&quot;slide&quot;,&quot;transition_speed&quot;:500}\" data-widget_type=\"slides.default\">\n\t\t\t\t<div class=\"elementor-widget-container\">\n\t\t\t\t\t\t\t\t\t<div class=\"elementor-swiper\">\n\t\t\t\t\t<div class=\"elementor-slides-wrapper elementor-main-swiper swiper\" role=\"region\" aria-roledescription=\"carousel\" aria-label=\"Slider\" dir=\"ltr\" data-animation=\"fadeInUp\">\n\t\t\t\t<div class=\"swiper-wrapper elementor-slides\">\n\t\t\t\t\t\t\t\t\t\t<div class=\"elementor-repeater-item-1e386f0 swiper-slide\" role=\"group\" aria-roledescription=\"slide\"><div class=\"swiper-slide-bg\" role=\"img\" aria-label=\"hotel-central-seefeld-maerz-2022-\u00a9DavidJohansson-9764-web\"><\/div><div class=\"swiper-slide-inner\" ><div class=\"swiper-slide-contents\"><\/div><\/div><\/div>\t\t\t\t<\/div>\n\t\t\t\t\t\t\t<\/div>\n\t\t\t\t<\/div>\n\t\t\t\t\t\t\t\t<\/div>\n\t\t\t\t<\/div>\n\t\t\t\t\t<\/div>\n\t\t<\/div>\n\t\t\t\t\t<\/div>\n\t\t<\/section>\n\t\t\t\t<section class=\"elementor-section elementor-inner-section elementor-element elementor-element-6332977 elementor-section-content-middle elementor-reverse-mobile elementor-section-boxed elementor-section-height-default elementor-section-height-default\" data-id=\"6332977\" data-element_type=\"section\" data-e-type=\"section\">\n\t\t\t\t\t\t<div class=\"elementor-container elementor-column-gap-no\">\n\t\t\t\t\t<div class=\"elementor-column elementor-col-50 elementor-inner-column elementor-element elementor-element-5b88420\" data-id=\"5b88420\" data-element_type=\"column\" data-e-type=\"column\" data-settings=\"{&quot;background_background&quot;:&quot;classic&quot;}\">\n\t\t\t<div class=\"elementor-widget-wrap elementor-element-populated\">\n\t\t\t\t\t\t\t<\/div>\n\t\t<\/div>\n\t\t\t\t<div class=\"elementor-column elementor-col-50 elementor-inner-column elementor-element elementor-element-64b9141e\" data-id=\"64b9141e\" data-element_type=\"column\" data-e-type=\"column\">\n\t\t\t<div class=\"elementor-widget-wrap elementor-element-populated\">\n\t\t\t\t\t\t<div class=\"elementor-element elementor-element-6ec349cc elementor-widget elementor-widget-heading\" data-id=\"6ec349cc\" data-element_type=\"widget\" data-e-type=\"widget\" data-widget_type=\"heading.default\">\n\t\t\t\t<div class=\"elementor-widget-container\">\n\t\t\t\t\t<h3 class=\"elementor-heading-title elementor-size-default\">Massaggi e nuotate<\/h3>\t\t\t\t<\/div>\n\t\t\t\t<\/div>\n\t\t\t\t<div class=\"elementor-element elementor-element-1ffd7b55 elementor-widget elementor-widget-text-editor\" data-id=\"1ffd7b55\" data-element_type=\"widget\" data-e-type=\"widget\" data-widget_type=\"text-editor.default\">\n\t\t\t\t<div class=\"elementor-widget-container\">\n\t\t\t\t\t\t\t\t\t<p>Concedete al vostro corpo il piacere di un <b>massaggio distensivo<\/b>.<\/p><p>In estate vi attende anche lo stabilimento balneare <b>&#8220;Strandperle&#8221;<\/b> sul lago Wildsee a Seefeld, dove gli ospiti del nostro hotel hanno libero accesso.<\/p><p>I nostri ospiti godono inoltre uno sconto sull\u2019ingresso nella piscina <b>olimpica di Seefeld<\/b> con la pi\u00f9 grande attrazione per bambini del Tirolo: lo scivolo con torrente (luned\u00ec-venerd\u00ec).<\/p>\t\t\t\t\t\t\t\t<\/div>\n\t\t\t\t<\/div>\n\t\t\t\t\t<\/div>\n\t\t<\/div>\n\t\t\t\t\t<\/div>\n\t\t<\/section>\n\t\t\t\t\t<\/div>\n\t\t<\/div>\n\t\t\t\t\t<\/div>\n\t\t<\/section>\n\t\t\t\t<\/div>\n\t\t","protected":false},"excerpt":{"rendered":"<p>Benessere e sauna a Seefeld in Tirolo Wellness nella nostra Central-Therme. Area wellness ben attrezzata per il piacere di rigenerarsi e sala fitness per tenersi in forma. Qui il corpo, la mente e lo spirito ritrovano il loro equilibrio naturale. Sauna, bagno turco o cabina a infrarossi per rilassarsi dopo una giornata di escursioni o [&hellip;]<\/p>\n","protected":false},"author":1,"featured_media":1127,"parent":0,"menu_order":0,"comment_status":"closed","ping_status":"closed","template":"","meta":{"footnotes":""},"class_list":["post-2792","page","type-page","status-publish","has-post-thumbnail","hentry"],"yoast_head":"<!-- This site is optimized with the Yoast SEO plugin v26.9 - https:\/\/yoast.com\/product\/yoast-seo-wordpress\/ -->\n<title>Wellness - Hotel Central Seefeld in Tirol - 4 Sterne Hotel<\/title>\n<meta name=\"robots\" content=\"index, follow, max-snippet:-1, max-image-preview:large, max-video-preview:-1\" \/>\n<link rel=\"canonical\" href=\"https:\/\/central-seefeld.at\/it\/wellness\/\" \/>\n<meta property=\"og:locale\" content=\"it_IT\" \/>\n<meta property=\"og:type\" content=\"article\" \/>\n<meta property=\"og:title\" content=\"Wellness - Hotel Central Seefeld in Tirol - 4 Sterne Hotel\" \/>\n<meta property=\"og:description\" content=\"Benessere e sauna a Seefeld in Tirolo Wellness nella nostra Central-Therme. Area wellness ben attrezzata per il piacere di rigenerarsi e sala fitness per tenersi in forma. Qui il corpo, la mente e lo spirito ritrovano il loro equilibrio naturale. Sauna, bagno turco o cabina a infrarossi per rilassarsi dopo una giornata di escursioni o [&hellip;]\" \/>\n<meta property=\"og:url\" content=\"https:\/\/central-seefeld.at\/it\/wellness\/\" \/>\n<meta property=\"og:site_name\" content=\"Hotel Central Seefeld in Tirol - 4 Sterne Hotel\" \/>\n<meta property=\"article:publisher\" content=\"https:\/\/www.facebook.com\/central.seefeld\/\" \/>\n<meta property=\"article:modified_time\" content=\"2026-02-11T09:58:16+00:00\" \/>\n<meta property=\"og:image\" content=\"https:\/\/central-seefeld.at\/wp-content\/uploads\/hotel-central-seefeld-maerz-2022-\u00a9DavidJohansson-9666-HDR-web.jpeg\" \/>\n\t<meta property=\"og:image:width\" content=\"1500\" \/>\n\t<meta property=\"og:image:height\" content=\"1000\" \/>\n\t<meta property=\"og:image:type\" content=\"image\/jpeg\" \/>\n<meta name=\"twitter:card\" content=\"summary_large_image\" \/>\n<meta name=\"twitter:label1\" content=\"Tempo di lettura stimato\" \/>\n\t<meta name=\"twitter:data1\" content=\"1 minuto\" \/>\n<script type=\"application\/ld+json\" class=\"yoast-schema-graph\">{\"@context\":\"https:\/\/schema.org\",\"@graph\":[{\"@type\":\"WebPage\",\"@id\":\"https:\/\/central-seefeld.at\/it\/wellness\/\",\"url\":\"https:\/\/central-seefeld.at\/it\/wellness\/\",\"name\":\"Wellness - Hotel Central Seefeld in Tirol - 4 Sterne Hotel\",\"isPartOf\":{\"@id\":\"https:\/\/central-seefeld.at\/#website\"},\"primaryImageOfPage\":{\"@id\":\"https:\/\/central-seefeld.at\/it\/wellness\/#primaryimage\"},\"image\":{\"@id\":\"https:\/\/central-seefeld.at\/it\/wellness\/#primaryimage\"},\"thumbnailUrl\":\"https:\/\/central-seefeld.at\/wp-content\/uploads\/hotel-central-seefeld-maerz-2022-\u00a9DavidJohansson-9666-HDR-web.jpeg\",\"datePublished\":\"2022-02-20T17:47:55+00:00\",\"dateModified\":\"2026-02-11T09:58:16+00:00\",\"breadcrumb\":{\"@id\":\"https:\/\/central-seefeld.at\/it\/wellness\/#breadcrumb\"},\"inLanguage\":\"it-IT\",\"potentialAction\":[{\"@type\":\"ReadAction\",\"target\":[\"https:\/\/central-seefeld.at\/it\/wellness\/\"]}]},{\"@type\":\"ImageObject\",\"inLanguage\":\"it-IT\",\"@id\":\"https:\/\/central-seefeld.at\/it\/wellness\/#primaryimage\",\"url\":\"https:\/\/central-seefeld.at\/wp-content\/uploads\/hotel-central-seefeld-maerz-2022-\u00a9DavidJohansson-9666-HDR-web.jpeg\",\"contentUrl\":\"https:\/\/central-seefeld.at\/wp-content\/uploads\/hotel-central-seefeld-maerz-2022-\u00a9DavidJohansson-9666-HDR-web.jpeg\",\"width\":1500,\"height\":1000},{\"@type\":\"BreadcrumbList\",\"@id\":\"https:\/\/central-seefeld.at\/it\/wellness\/#breadcrumb\",\"itemListElement\":[{\"@type\":\"ListItem\",\"position\":1,\"name\":\"Startseite\",\"item\":\"https:\/\/central-seefeld.at\/it\/hotel-central-a-seefeld-in-tirol\/\"},{\"@type\":\"ListItem\",\"position\":2,\"name\":\"Wellness\"}]},{\"@type\":\"WebSite\",\"@id\":\"https:\/\/central-seefeld.at\/#website\",\"url\":\"https:\/\/central-seefeld.at\/\",\"name\":\"Hotel Central Seefeld in Tirol - 4 Sterne Hotel\",\"description\":\"\",\"publisher\":{\"@id\":\"https:\/\/central-seefeld.at\/#organization\"},\"potentialAction\":[{\"@type\":\"SearchAction\",\"target\":{\"@type\":\"EntryPoint\",\"urlTemplate\":\"https:\/\/central-seefeld.at\/?s={search_term_string}\"},\"query-input\":{\"@type\":\"PropertyValueSpecification\",\"valueRequired\":true,\"valueName\":\"search_term_string\"}}],\"inLanguage\":\"it-IT\"},{\"@type\":\"Organization\",\"@id\":\"https:\/\/central-seefeld.at\/#organization\",\"name\":\"Hotel Central Seefeld in Tirol\",\"url\":\"https:\/\/central-seefeld.at\/\",\"logo\":{\"@type\":\"ImageObject\",\"inLanguage\":\"it-IT\",\"@id\":\"https:\/\/central-seefeld.at\/#\/schema\/logo\/image\/\",\"url\":\"https:\/\/central-seefeld.com\/wp-content\/uploads\/hotel-central-seefeld-logo.svg\",\"contentUrl\":\"https:\/\/central-seefeld.com\/wp-content\/uploads\/hotel-central-seefeld-logo.svg\",\"width\":132,\"height\":64,\"caption\":\"Hotel Central Seefeld in Tirol\"},\"image\":{\"@id\":\"https:\/\/central-seefeld.at\/#\/schema\/logo\/image\/\"},\"sameAs\":[\"https:\/\/www.facebook.com\/central.seefeld\/\",\"https:\/\/www.instagram.com\/hotelcentralseefeld\/\"]}]}<\/script>\n<!-- \/ Yoast SEO plugin. -->","yoast_head_json":{"title":"Wellness - Hotel Central Seefeld in Tirol - 4 Sterne Hotel","robots":{"index":"index","follow":"follow","max-snippet":"max-snippet:-1","max-image-preview":"max-image-preview:large","max-video-preview":"max-video-preview:-1"},"canonical":"https:\/\/central-seefeld.at\/it\/wellness\/","og_locale":"it_IT","og_type":"article","og_title":"Wellness - Hotel Central Seefeld in Tirol - 4 Sterne Hotel","og_description":"Benessere e sauna a Seefeld in Tirolo Wellness nella nostra Central-Therme. Area wellness ben attrezzata per il piacere di rigenerarsi e sala fitness per tenersi in forma. Qui il corpo, la mente e lo spirito ritrovano il loro equilibrio naturale. Sauna, bagno turco o cabina a infrarossi per rilassarsi dopo una giornata di escursioni o [&hellip;]","og_url":"https:\/\/central-seefeld.at\/it\/wellness\/","og_site_name":"Hotel Central Seefeld in Tirol - 4 Sterne Hotel","article_publisher":"https:\/\/www.facebook.com\/central.seefeld\/","article_modified_time":"2026-02-11T09:58:16+00:00","og_image":[{"width":1500,"height":1000,"url":"https:\/\/central-seefeld.at\/wp-content\/uploads\/hotel-central-seefeld-maerz-2022-\u00a9DavidJohansson-9666-HDR-web.jpeg","type":"image\/jpeg"}],"twitter_card":"summary_large_image","twitter_misc":{"Tempo di lettura stimato":"1 minuto"},"schema":{"@context":"https:\/\/schema.org","@graph":[{"@type":"WebPage","@id":"https:\/\/central-seefeld.at\/it\/wellness\/","url":"https:\/\/central-seefeld.at\/it\/wellness\/","name":"Wellness - Hotel Central Seefeld in Tirol - 4 Sterne Hotel","isPartOf":{"@id":"https:\/\/central-seefeld.at\/#website"},"primaryImageOfPage":{"@id":"https:\/\/central-seefeld.at\/it\/wellness\/#primaryimage"},"image":{"@id":"https:\/\/central-seefeld.at\/it\/wellness\/#primaryimage"},"thumbnailUrl":"https:\/\/central-seefeld.at\/wp-content\/uploads\/hotel-central-seefeld-maerz-2022-\u00a9DavidJohansson-9666-HDR-web.jpeg","datePublished":"2022-02-20T17:47:55+00:00","dateModified":"2026-02-11T09:58:16+00:00","breadcrumb":{"@id":"https:\/\/central-seefeld.at\/it\/wellness\/#breadcrumb"},"inLanguage":"it-IT","potentialAction":[{"@type":"ReadAction","target":["https:\/\/central-seefeld.at\/it\/wellness\/"]}]},{"@type":"ImageObject","inLanguage":"it-IT","@id":"https:\/\/central-seefeld.at\/it\/wellness\/#primaryimage","url":"https:\/\/central-seefeld.at\/wp-content\/uploads\/hotel-central-seefeld-maerz-2022-\u00a9DavidJohansson-9666-HDR-web.jpeg","contentUrl":"https:\/\/central-seefeld.at\/wp-content\/uploads\/hotel-central-seefeld-maerz-2022-\u00a9DavidJohansson-9666-HDR-web.jpeg","width":1500,"height":1000},{"@type":"BreadcrumbList","@id":"https:\/\/central-seefeld.at\/it\/wellness\/#breadcrumb","itemListElement":[{"@type":"ListItem","position":1,"name":"Startseite","item":"https:\/\/central-seefeld.at\/it\/hotel-central-a-seefeld-in-tirol\/"},{"@type":"ListItem","position":2,"name":"Wellness"}]},{"@type":"WebSite","@id":"https:\/\/central-seefeld.at\/#website","url":"https:\/\/central-seefeld.at\/","name":"Hotel Central Seefeld in Tirol - 4 Sterne Hotel","description":"","publisher":{"@id":"https:\/\/central-seefeld.at\/#organization"},"potentialAction":[{"@type":"SearchAction","target":{"@type":"EntryPoint","urlTemplate":"https:\/\/central-seefeld.at\/?s={search_term_string}"},"query-input":{"@type":"PropertyValueSpecification","valueRequired":true,"valueName":"search_term_string"}}],"inLanguage":"it-IT"},{"@type":"Organization","@id":"https:\/\/central-seefeld.at\/#organization","name":"Hotel Central Seefeld in Tirol","url":"https:\/\/central-seefeld.at\/","logo":{"@type":"ImageObject","inLanguage":"it-IT","@id":"https:\/\/central-seefeld.at\/#\/schema\/logo\/image\/","url":"https:\/\/central-seefeld.com\/wp-content\/uploads\/hotel-central-seefeld-logo.svg","contentUrl":"https:\/\/central-seefeld.com\/wp-content\/uploads\/hotel-central-seefeld-logo.svg","width":132,"height":64,"caption":"Hotel Central Seefeld in Tirol"},"image":{"@id":"https:\/\/central-seefeld.at\/#\/schema\/logo\/image\/"},"sameAs":["https:\/\/www.facebook.com\/central.seefeld\/","https:\/\/www.instagram.com\/hotelcentralseefeld\/"]}]}},"_links":{"self":[{"href":"https:\/\/central-seefeld.at\/it\/wp-json\/wp\/v2\/pages\/2792","targetHints":{"allow":["GET"]}}],"collection":[{"href":"https:\/\/central-seefeld.at\/it\/wp-json\/wp\/v2\/pages"}],"about":[{"href":"https:\/\/central-seefeld.at\/it\/wp-json\/wp\/v2\/types\/page"}],"author":[{"embeddable":true,"href":"https:\/\/central-seefeld.at\/it\/wp-json\/wp\/v2\/users\/1"}],"replies":[{"embeddable":true,"href":"https:\/\/central-seefeld.at\/it\/wp-json\/wp\/v2\/comments?post=2792"}],"version-history":[{"count":2,"href":"https:\/\/central-seefeld.at\/it\/wp-json\/wp\/v2\/pages\/2792\/revisions"}],"predecessor-version":[{"id":3655,"href":"https:\/\/central-seefeld.at\/it\/wp-json\/wp\/v2\/pages\/2792\/revisions\/3655"}],"wp:featuredmedia":[{"embeddable":true,"href":"https:\/\/central-seefeld.at\/it\/wp-json\/wp\/v2\/media\/1127"}],"wp:attachment":[{"href":"https:\/\/central-seefeld.at\/it\/wp-json\/wp\/v2\/media?parent=2792"}],"curies":[{"name":"wp","href":"https:\/\/api.w.org\/{rel}","templated":true}]}}