{"id":2796,"date":"2022-02-20T20:21:08","date_gmt":"2022-02-20T19:21:08","guid":{"rendered":"https:\/\/central-seefeld.com\/richiesta-e-contatto\/"},"modified":"2022-06-24T16:49:03","modified_gmt":"2022-06-24T14:49:03","slug":"richiesta-e-contatto","status":"publish","type":"page","link":"https:\/\/central-seefeld.at\/it\/richiesta-e-contatto\/","title":{"rendered":"Offerta e contatti"},"content":{"rendered":"\t\t<div data-elementor-type=\"wp-page\" data-elementor-id=\"2796\" class=\"elementor elementor-2796 elementor-580\" data-elementor-post-type=\"page\">\n\t\t\t\t\t\t<section class=\"elementor-section elementor-top-section elementor-element elementor-element-2f332539 elementor-section-boxed elementor-section-height-default elementor-section-height-default\" data-id=\"2f332539\" data-element_type=\"section\" data-e-type=\"section\">\n\t\t\t\t\t\t<div class=\"elementor-container elementor-column-gap-default\">\n\t\t\t\t\t<div class=\"elementor-column elementor-col-100 elementor-top-column elementor-element elementor-element-680af0be\" data-id=\"680af0be\" data-element_type=\"column\" data-e-type=\"column\">\n\t\t\t<div class=\"elementor-widget-wrap elementor-element-populated\">\n\t\t\t\t\t\t<div class=\"elementor-element elementor-element-70376b0f elementor-widget elementor-widget-text-editor\" data-id=\"70376b0f\" data-element_type=\"widget\" data-e-type=\"widget\" data-widget_type=\"text-editor.default\">\n\t\t\t\t<div class=\"elementor-widget-container\">\n\t\t\t\t\t\t\t\t\t<p>Offerta e contatti<\/p>\t\t\t\t\t\t\t\t<\/div>\n\t\t\t\t<\/div>\n\t\t\t\t<div class=\"elementor-element elementor-element-2ba6651d elementor-widget elementor-widget-heading\" data-id=\"2ba6651d\" data-element_type=\"widget\" data-e-type=\"widget\" data-widget_type=\"heading.default\">\n\t\t\t\t<div class=\"elementor-widget-container\">\n\t\t\t\t\t<h2 class=\"elementor-heading-title elementor-size-default\">Attendiamo con impazienza la tua richiesta<\/h2>\t\t\t\t<\/div>\n\t\t\t\t<\/div>\n\t\t\t\t\t<\/div>\n\t\t<\/div>\n\t\t\t\t\t<\/div>\n\t\t<\/section>\n\t\t\t\t<section class=\"elementor-section elementor-top-section elementor-element elementor-element-91ba2ef elementor-section-boxed elementor-section-height-default elementor-section-height-default\" data-id=\"91ba2ef\" data-element_type=\"section\" data-e-type=\"section\">\n\t\t\t\t\t\t<div class=\"elementor-container elementor-column-gap-default\">\n\t\t\t\t\t<div class=\"elementor-column elementor-col-100 elementor-top-column elementor-element elementor-element-7015d4e\" data-id=\"7015d4e\" data-element_type=\"column\" data-e-type=\"column\">\n\t\t\t<div class=\"elementor-widget-wrap elementor-element-populated\">\n\t\t\t\t\t\t<div class=\"elementor-element elementor-element-c4be59c elementor-widget elementor-widget-html\" data-id=\"c4be59c\" data-element_type=\"widget\" data-e-type=\"widget\" data-widget_type=\"html.default\">\n\t\t\t\t<div class=\"elementor-widget-container\">\n\t\t\t\t\t<div class=\"casa-wdg\" data-casa-widget-type=\"enquiry\" data-customer=\"AT_SEE_CENTRAL\" data-company=\"COMP1\" data-language=\"it\"> \n    <div style=\"min-height:50px;text-align:center;\"> \n        <img decoding=\"async\" src=\"https:\/\/frontend.casablanca.at\/Content\/loader.svg\" alt=\"caricamento...\" width=\"40\" height=\"40\" style=\"margin:auto;\">\n        <noscript>Il tuo browser non supporta JavaScript o \u00e8 stato disabilitato. Per utilizzare il modulo di richiesta, assicurati che javascript sia abilitato.<\/noscript>\n    <\/div>\n<\/div>\t\t\t\t<\/div>\n\t\t\t\t<\/div>\n\t\t\t\t<section class=\"elementor-section elementor-inner-section elementor-element elementor-element-ec7f383 elementor-section-boxed elementor-section-height-default elementor-section-height-default\" data-id=\"ec7f383\" data-element_type=\"section\" data-e-type=\"section\">\n\t\t\t\t\t\t<div class=\"elementor-container elementor-column-gap-default\">\n\t\t\t\t\t<div class=\"elementor-column elementor-col-50 elementor-inner-column elementor-element elementor-element-ee83caf\" data-id=\"ee83caf\" data-element_type=\"column\" data-e-type=\"column\">\n\t\t\t<div class=\"elementor-widget-wrap elementor-element-populated\">\n\t\t\t\t\t\t<div class=\"elementor-element elementor-element-4cc9948 elementor-widget elementor-widget-heading\" data-id=\"4cc9948\" data-element_type=\"widget\" data-e-type=\"widget\" data-widget_type=\"heading.default\">\n\t\t\t\t<div class=\"elementor-widget-container\">\n\t\t\t\t\t<h3 class=\"elementor-heading-title elementor-size-default\">Dove siamo<\/h3>\t\t\t\t<\/div>\n\t\t\t\t<\/div>\n\t\t\t\t<div class=\"elementor-element elementor-element-5858b38 elementor-widget elementor-widget-text-editor\" data-id=\"5858b38\" data-element_type=\"widget\" data-e-type=\"widget\" data-widget_type=\"text-editor.default\">\n\t\t\t\t<div class=\"elementor-widget-container\">\n\t\t\t\t\t\t\t\t\t<p><strong>Hotel Central Seefeld<br><\/strong>Famiglia \u00d6lhafen<br>M\u00fcnchner Stra\u00dfe 41<br>6100 Seefeld in Tirol<\/p><p><a href=\"tel:+4352123288\">+43 5212 32 88<\/a><br><a href=\"mailto:info@central-seefeld.at\">info@central-seefeld.at<\/a><\/p><p><a href=\"https:\/\/goo.gl\/maps\/PWDPsDuDMfBDHcMy8\" target=\"_blank\" rel=\"noopener\">Pianificatore di percorso<\/a><\/p>\t\t\t\t\t\t\t\t<\/div>\n\t\t\t\t<\/div>\n\t\t\t\t\t<\/div>\n\t\t<\/div>\n\t\t\t\t<div class=\"elementor-column elementor-col-50 elementor-inner-column elementor-element elementor-element-472f0e8\" data-id=\"472f0e8\" data-element_type=\"column\" data-e-type=\"column\">\n\t\t\t<div class=\"elementor-widget-wrap elementor-element-populated\">\n\t\t\t\t\t\t<div class=\"elementor-element elementor-element-6af0db3 elementor-widget elementor-widget-heading\" data-id=\"6af0db3\" data-element_type=\"widget\" data-e-type=\"widget\" data-widget_type=\"heading.default\">\n\t\t\t\t<div class=\"elementor-widget-container\">\n\t\t\t\t\t<h3 class=\"elementor-heading-title elementor-size-default\">Seguici sui social<\/h3>\t\t\t\t<\/div>\n\t\t\t\t<\/div>\n\t\t\t\t<div class=\"elementor-element elementor-element-4a8feb2 elementor-shape-square elementor-grid-0 e-grid-align-center elementor-widget elementor-widget-social-icons\" data-id=\"4a8feb2\" data-element_type=\"widget\" data-e-type=\"widget\" data-widget_type=\"social-icons.default\">\n\t\t\t\t<div class=\"elementor-widget-container\">\n\t\t\t\t\t\t\t<div class=\"elementor-social-icons-wrapper elementor-grid\" role=\"list\">\n\t\t\t\t\t\t\t<span class=\"elementor-grid-item\" role=\"listitem\">\n\t\t\t\t\t<a class=\"elementor-icon elementor-social-icon elementor-social-icon-facebook elementor-repeater-item-2affec6\" href=\"https:\/\/www.facebook.com\/central.seefeld\/\" target=\"_blank\">\n\t\t\t\t\t\t<span class=\"elementor-screen-only\">Facebook<\/span>\n\t\t\t\t\t\t<i aria-hidden=\"true\" class=\"fab fa-facebook\"><\/i>\t\t\t\t\t<\/a>\n\t\t\t\t<\/span>\n\t\t\t\t\t\t\t<span class=\"elementor-grid-item\" role=\"listitem\">\n\t\t\t\t\t<a class=\"elementor-icon elementor-social-icon elementor-social-icon-instagram elementor-repeater-item-321fd0d\" href=\"https:\/\/www.instagram.com\/hotelcentralseefeld\/\" target=\"_blank\">\n\t\t\t\t\t\t<span class=\"elementor-screen-only\">Instagram<\/span>\n\t\t\t\t\t\t<i aria-hidden=\"true\" class=\"fab fa-instagram\"><\/i>\t\t\t\t\t<\/a>\n\t\t\t\t<\/span>\n\t\t\t\t\t<\/div>\n\t\t\t\t\t\t<\/div>\n\t\t\t\t<\/div>\n\t\t\t\t\t<\/div>\n\t\t<\/div>\n\t\t\t\t\t<\/div>\n\t\t<\/section>\n\t\t\t\t\t<\/div>\n\t\t<\/div>\n\t\t\t\t\t<\/div>\n\t\t<\/section>\n\t\t\t\t<\/div>\n\t\t","protected":false},"excerpt":{"rendered":"<p>Offerta e contatti Attendiamo con impazienza la tua richiesta Il tuo browser non supporta JavaScript o \u00e8 stato disabilitato. Per utilizzare il modulo di richiesta, assicurati che javascript sia abilitato. Dove siamo Hotel Central SeefeldFamiglia \u00d6lhafenM\u00fcnchner Stra\u00dfe 416100 Seefeld in Tirol +43 5212 32 88info@central-seefeld.at Pianificatore di percorso Seguici sui social Facebook Instagram<\/p>\n","protected":false},"author":1,"featured_media":2402,"parent":0,"menu_order":0,"comment_status":"closed","ping_status":"closed","template":"","meta":{"footnotes":""},"class_list":["post-2796","page","type-page","status-publish","has-post-thumbnail","hentry"],"yoast_head":"<!-- This site is optimized with the Yoast SEO plugin v26.9 - https:\/\/yoast.com\/product\/yoast-seo-wordpress\/ -->\n<title>Offerta e contatti - Hotel Central Seefeld in Tirol - 4 Sterne Hotel<\/title>\n<meta name=\"robots\" content=\"index, follow, max-snippet:-1, max-image-preview:large, max-video-preview:-1\" \/>\n<link rel=\"canonical\" href=\"https:\/\/central-seefeld.at\/it\/richiesta-e-contatto\/\" \/>\n<meta property=\"og:locale\" content=\"it_IT\" \/>\n<meta property=\"og:type\" content=\"article\" \/>\n<meta property=\"og:title\" content=\"Offerta e contatti - Hotel Central Seefeld in Tirol - 4 Sterne Hotel\" \/>\n<meta property=\"og:description\" content=\"Offerta e contatti Attendiamo con impazienza la tua richiesta Il tuo browser non supporta JavaScript o \u00e8 stato disabilitato. Per utilizzare il modulo di richiesta, assicurati che javascript sia abilitato. Dove siamo Hotel Central SeefeldFamiglia \u00d6lhafenM\u00fcnchner Stra\u00dfe 416100 Seefeld in Tirol +43 5212 32 88info@central-seefeld.at Pianificatore di percorso Seguici sui social Facebook Instagram\" \/>\n<meta property=\"og:url\" content=\"https:\/\/central-seefeld.at\/it\/richiesta-e-contatto\/\" \/>\n<meta property=\"og:site_name\" content=\"Hotel Central Seefeld in Tirol - 4 Sterne Hotel\" \/>\n<meta property=\"article:publisher\" content=\"https:\/\/www.facebook.com\/central.seefeld\/\" \/>\n<meta property=\"article:modified_time\" content=\"2022-06-24T14:49:03+00:00\" \/>\n<meta property=\"og:image\" content=\"https:\/\/central-seefeld.at\/wp-content\/uploads\/hotel-central-seefeld-rezeption.jpeg\" \/>\n\t<meta property=\"og:image:width\" content=\"1500\" \/>\n\t<meta property=\"og:image:height\" content=\"1000\" \/>\n\t<meta property=\"og:image:type\" content=\"image\/jpeg\" \/>\n<meta name=\"twitter:card\" content=\"summary_large_image\" \/>\n<meta name=\"twitter:label1\" content=\"Tempo di lettura stimato\" \/>\n\t<meta name=\"twitter:data1\" content=\"1 minuto\" \/>\n<script type=\"application\/ld+json\" class=\"yoast-schema-graph\">{\"@context\":\"https:\/\/schema.org\",\"@graph\":[{\"@type\":\"WebPage\",\"@id\":\"https:\/\/central-seefeld.at\/it\/richiesta-e-contatto\/\",\"url\":\"https:\/\/central-seefeld.at\/it\/richiesta-e-contatto\/\",\"name\":\"Offerta e contatti - Hotel Central Seefeld in Tirol - 4 Sterne Hotel\",\"isPartOf\":{\"@id\":\"https:\/\/central-seefeld.at\/#website\"},\"primaryImageOfPage\":{\"@id\":\"https:\/\/central-seefeld.at\/it\/richiesta-e-contatto\/#primaryimage\"},\"image\":{\"@id\":\"https:\/\/central-seefeld.at\/it\/richiesta-e-contatto\/#primaryimage\"},\"thumbnailUrl\":\"https:\/\/central-seefeld.at\/wp-content\/uploads\/hotel-central-seefeld-rezeption.jpeg\",\"datePublished\":\"2022-02-20T19:21:08+00:00\",\"dateModified\":\"2022-06-24T14:49:03+00:00\",\"breadcrumb\":{\"@id\":\"https:\/\/central-seefeld.at\/it\/richiesta-e-contatto\/#breadcrumb\"},\"inLanguage\":\"it-IT\",\"potentialAction\":[{\"@type\":\"ReadAction\",\"target\":[\"https:\/\/central-seefeld.at\/it\/richiesta-e-contatto\/\"]}]},{\"@type\":\"ImageObject\",\"inLanguage\":\"it-IT\",\"@id\":\"https:\/\/central-seefeld.at\/it\/richiesta-e-contatto\/#primaryimage\",\"url\":\"https:\/\/central-seefeld.at\/wp-content\/uploads\/hotel-central-seefeld-rezeption.jpeg\",\"contentUrl\":\"https:\/\/central-seefeld.at\/wp-content\/uploads\/hotel-central-seefeld-rezeption.jpeg\",\"width\":1500,\"height\":1000},{\"@type\":\"BreadcrumbList\",\"@id\":\"https:\/\/central-seefeld.at\/it\/richiesta-e-contatto\/#breadcrumb\",\"itemListElement\":[{\"@type\":\"ListItem\",\"position\":1,\"name\":\"Startseite\",\"item\":\"https:\/\/central-seefeld.at\/it\/hotel-central-a-seefeld-in-tirol\/\"},{\"@type\":\"ListItem\",\"position\":2,\"name\":\"Offerta e contatti\"}]},{\"@type\":\"WebSite\",\"@id\":\"https:\/\/central-seefeld.at\/#website\",\"url\":\"https:\/\/central-seefeld.at\/\",\"name\":\"Hotel Central Seefeld in Tirol - 4 Sterne Hotel\",\"description\":\"\",\"publisher\":{\"@id\":\"https:\/\/central-seefeld.at\/#organization\"},\"potentialAction\":[{\"@type\":\"SearchAction\",\"target\":{\"@type\":\"EntryPoint\",\"urlTemplate\":\"https:\/\/central-seefeld.at\/?s={search_term_string}\"},\"query-input\":{\"@type\":\"PropertyValueSpecification\",\"valueRequired\":true,\"valueName\":\"search_term_string\"}}],\"inLanguage\":\"it-IT\"},{\"@type\":\"Organization\",\"@id\":\"https:\/\/central-seefeld.at\/#organization\",\"name\":\"Hotel Central Seefeld in Tirol\",\"url\":\"https:\/\/central-seefeld.at\/\",\"logo\":{\"@type\":\"ImageObject\",\"inLanguage\":\"it-IT\",\"@id\":\"https:\/\/central-seefeld.at\/#\/schema\/logo\/image\/\",\"url\":\"https:\/\/central-seefeld.com\/wp-content\/uploads\/hotel-central-seefeld-logo.svg\",\"contentUrl\":\"https:\/\/central-seefeld.com\/wp-content\/uploads\/hotel-central-seefeld-logo.svg\",\"width\":132,\"height\":64,\"caption\":\"Hotel Central Seefeld in Tirol\"},\"image\":{\"@id\":\"https:\/\/central-seefeld.at\/#\/schema\/logo\/image\/\"},\"sameAs\":[\"https:\/\/www.facebook.com\/central.seefeld\/\",\"https:\/\/www.instagram.com\/hotelcentralseefeld\/\"]}]}<\/script>\n<!-- \/ Yoast SEO plugin. -->","yoast_head_json":{"title":"Offerta e contatti - Hotel Central Seefeld in Tirol - 4 Sterne Hotel","robots":{"index":"index","follow":"follow","max-snippet":"max-snippet:-1","max-image-preview":"max-image-preview:large","max-video-preview":"max-video-preview:-1"},"canonical":"https:\/\/central-seefeld.at\/it\/richiesta-e-contatto\/","og_locale":"it_IT","og_type":"article","og_title":"Offerta e contatti - Hotel Central Seefeld in Tirol - 4 Sterne Hotel","og_description":"Offerta e contatti Attendiamo con impazienza la tua richiesta Il tuo browser non supporta JavaScript o \u00e8 stato disabilitato. Per utilizzare il modulo di richiesta, assicurati che javascript sia abilitato. Dove siamo Hotel Central SeefeldFamiglia \u00d6lhafenM\u00fcnchner Stra\u00dfe 416100 Seefeld in Tirol +43 5212 32 88info@central-seefeld.at Pianificatore di percorso Seguici sui social Facebook Instagram","og_url":"https:\/\/central-seefeld.at\/it\/richiesta-e-contatto\/","og_site_name":"Hotel Central Seefeld in Tirol - 4 Sterne Hotel","article_publisher":"https:\/\/www.facebook.com\/central.seefeld\/","article_modified_time":"2022-06-24T14:49:03+00:00","og_image":[{"width":1500,"height":1000,"url":"https:\/\/central-seefeld.at\/wp-content\/uploads\/hotel-central-seefeld-rezeption.jpeg","type":"image\/jpeg"}],"twitter_card":"summary_large_image","twitter_misc":{"Tempo di lettura stimato":"1 minuto"},"schema":{"@context":"https:\/\/schema.org","@graph":[{"@type":"WebPage","@id":"https:\/\/central-seefeld.at\/it\/richiesta-e-contatto\/","url":"https:\/\/central-seefeld.at\/it\/richiesta-e-contatto\/","name":"Offerta e contatti - Hotel Central Seefeld in Tirol - 4 Sterne Hotel","isPartOf":{"@id":"https:\/\/central-seefeld.at\/#website"},"primaryImageOfPage":{"@id":"https:\/\/central-seefeld.at\/it\/richiesta-e-contatto\/#primaryimage"},"image":{"@id":"https:\/\/central-seefeld.at\/it\/richiesta-e-contatto\/#primaryimage"},"thumbnailUrl":"https:\/\/central-seefeld.at\/wp-content\/uploads\/hotel-central-seefeld-rezeption.jpeg","datePublished":"2022-02-20T19:21:08+00:00","dateModified":"2022-06-24T14:49:03+00:00","breadcrumb":{"@id":"https:\/\/central-seefeld.at\/it\/richiesta-e-contatto\/#breadcrumb"},"inLanguage":"it-IT","potentialAction":[{"@type":"ReadAction","target":["https:\/\/central-seefeld.at\/it\/richiesta-e-contatto\/"]}]},{"@type":"ImageObject","inLanguage":"it-IT","@id":"https:\/\/central-seefeld.at\/it\/richiesta-e-contatto\/#primaryimage","url":"https:\/\/central-seefeld.at\/wp-content\/uploads\/hotel-central-seefeld-rezeption.jpeg","contentUrl":"https:\/\/central-seefeld.at\/wp-content\/uploads\/hotel-central-seefeld-rezeption.jpeg","width":1500,"height":1000},{"@type":"BreadcrumbList","@id":"https:\/\/central-seefeld.at\/it\/richiesta-e-contatto\/#breadcrumb","itemListElement":[{"@type":"ListItem","position":1,"name":"Startseite","item":"https:\/\/central-seefeld.at\/it\/hotel-central-a-seefeld-in-tirol\/"},{"@type":"ListItem","position":2,"name":"Offerta e contatti"}]},{"@type":"WebSite","@id":"https:\/\/central-seefeld.at\/#website","url":"https:\/\/central-seefeld.at\/","name":"Hotel Central Seefeld in Tirol - 4 Sterne Hotel","description":"","publisher":{"@id":"https:\/\/central-seefeld.at\/#organization"},"potentialAction":[{"@type":"SearchAction","target":{"@type":"EntryPoint","urlTemplate":"https:\/\/central-seefeld.at\/?s={search_term_string}"},"query-input":{"@type":"PropertyValueSpecification","valueRequired":true,"valueName":"search_term_string"}}],"inLanguage":"it-IT"},{"@type":"Organization","@id":"https:\/\/central-seefeld.at\/#organization","name":"Hotel Central Seefeld in Tirol","url":"https:\/\/central-seefeld.at\/","logo":{"@type":"ImageObject","inLanguage":"it-IT","@id":"https:\/\/central-seefeld.at\/#\/schema\/logo\/image\/","url":"https:\/\/central-seefeld.com\/wp-content\/uploads\/hotel-central-seefeld-logo.svg","contentUrl":"https:\/\/central-seefeld.com\/wp-content\/uploads\/hotel-central-seefeld-logo.svg","width":132,"height":64,"caption":"Hotel Central Seefeld in Tirol"},"image":{"@id":"https:\/\/central-seefeld.at\/#\/schema\/logo\/image\/"},"sameAs":["https:\/\/www.facebook.com\/central.seefeld\/","https:\/\/www.instagram.com\/hotelcentralseefeld\/"]}]}},"_links":{"self":[{"href":"https:\/\/central-seefeld.at\/it\/wp-json\/wp\/v2\/pages\/2796","targetHints":{"allow":["GET"]}}],"collection":[{"href":"https:\/\/central-seefeld.at\/it\/wp-json\/wp\/v2\/pages"}],"about":[{"href":"https:\/\/central-seefeld.at\/it\/wp-json\/wp\/v2\/types\/page"}],"author":[{"embeddable":true,"href":"https:\/\/central-seefeld.at\/it\/wp-json\/wp\/v2\/users\/1"}],"replies":[{"embeddable":true,"href":"https:\/\/central-seefeld.at\/it\/wp-json\/wp\/v2\/comments?post=2796"}],"version-history":[{"count":10,"href":"https:\/\/central-seefeld.at\/it\/wp-json\/wp\/v2\/pages\/2796\/revisions"}],"predecessor-version":[{"id":3099,"href":"https:\/\/central-seefeld.at\/it\/wp-json\/wp\/v2\/pages\/2796\/revisions\/3099"}],"wp:featuredmedia":[{"embeddable":true,"href":"https:\/\/central-seefeld.at\/it\/wp-json\/wp\/v2\/media\/2402"}],"wp:attachment":[{"href":"https:\/\/central-seefeld.at\/it\/wp-json\/wp\/v2\/media?parent=2796"}],"curies":[{"name":"wp","href":"https:\/\/api.w.org\/{rel}","templated":true}]}}