{"id":3039,"date":"2022-04-16T11:56:05","date_gmt":"2022-04-16T09:56:05","guid":{"rendered":"https:\/\/central-seefeld.at\/regione-di-seefeld\/"},"modified":"2022-06-21T19:43:23","modified_gmt":"2022-06-21T17:43:23","slug":"regione-di-seefeld","status":"publish","type":"page","link":"https:\/\/central-seefeld.at\/it\/regione-di-seefeld\/","title":{"rendered":"Regione di Seefeld"},"content":{"rendered":"\t\t<div data-elementor-type=\"wp-page\" data-elementor-id=\"3039\" class=\"elementor elementor-3039 elementor-808\" data-elementor-post-type=\"page\">\n\t\t\t\t\t\t<section class=\"elementor-section elementor-top-section elementor-element elementor-element-7c41ff49 elementor-section-boxed elementor-section-height-default elementor-section-height-default\" data-id=\"7c41ff49\" data-element_type=\"section\" data-e-type=\"section\">\n\t\t\t\t\t\t<div class=\"elementor-container elementor-column-gap-default\">\n\t\t\t\t\t<div class=\"elementor-column elementor-col-100 elementor-top-column elementor-element elementor-element-5714f07f\" data-id=\"5714f07f\" data-element_type=\"column\" data-e-type=\"column\">\n\t\t\t<div class=\"elementor-widget-wrap elementor-element-populated\">\n\t\t\t\t\t\t<div class=\"elementor-element elementor-element-7c100778 elementor-widget elementor-widget-text-editor\" data-id=\"7c100778\" data-element_type=\"widget\" data-e-type=\"widget\" data-widget_type=\"text-editor.default\">\n\t\t\t\t<div class=\"elementor-widget-container\">\n\t\t\t\t\t\t\t\t\t<p>VERO VARIET\u00c0 INVERNALE ED ESTIVO<br>NELLA REGIONE DEL SEEFELD \u2013 ALTOPIANTO A 1.200 METRI<\/p>\t\t\t\t\t\t\t\t<\/div>\n\t\t\t\t<\/div>\n\t\t\t\t<div class=\"elementor-element elementor-element-42e4618 elementor-widget elementor-widget-heading\" data-id=\"42e4618\" data-element_type=\"widget\" data-e-type=\"widget\" data-widget_type=\"heading.default\">\n\t\t\t\t<div class=\"elementor-widget-container\">\n\t\t\t\t\t<h2 class=\"elementor-heading-title elementor-size-default\">Vacanza spensierata <br>nella regione di Seefeld<\/h2>\t\t\t\t<\/div>\n\t\t\t\t<\/div>\n\t\t\t\t<div class=\"elementor-element elementor-element-e7c32d4 elementor-widget elementor-widget-text-editor\" data-id=\"e7c32d4\" data-element_type=\"widget\" data-e-type=\"widget\" data-widget_type=\"text-editor.default\">\n\t\t\t\t<div class=\"elementor-widget-container\">\n\t\t\t\t\t\t\t\t\t<p>Nella regione di Seefeld, le Alpi sono davvero uniche: incorniciano la natura invece di accoglierla. Qui il paesaggio si apre dalla soleggiata Zugspitze a sud, lasciando spazio alla diversit\u00e0 naturale e alla vera gioia di vivere. Cos\u00ec selvaggio e bello, con un solo passo sei proprio nel mezzo. L&#8217;altopiano pi\u00f9 bello del Tirolo si estende tra montagna e valle, boschi e prati, aria e acqua. Benvenuti a 1.200 metri, dove la vera diversit\u00e0 attende!    <\/p>\t\t\t\t\t\t\t\t<\/div>\n\t\t\t\t<\/div>\n\t\t\t\t\t<\/div>\n\t\t<\/div>\n\t\t\t\t\t<\/div>\n\t\t<\/section>\n\t\t\t\t<section class=\"elementor-section elementor-top-section elementor-element elementor-element-7aa1d03c elementor-section-full_width elementor-section-content-middle elementor-section-height-default elementor-section-height-default\" data-id=\"7aa1d03c\" data-element_type=\"section\" data-e-type=\"section\">\n\t\t\t\t\t\t<div class=\"elementor-container elementor-column-gap-no\">\n\t\t\t\t\t<div class=\"elementor-column elementor-col-50 elementor-top-column elementor-element elementor-element-6c73dcaa\" data-id=\"6c73dcaa\" data-element_type=\"column\" data-e-type=\"column\" data-settings=\"{&quot;background_background&quot;:&quot;classic&quot;}\">\n\t\t\t<div class=\"elementor-widget-wrap elementor-element-populated\">\n\t\t\t\t\t<div class=\"elementor-background-overlay\"><\/div>\n\t\t\t\t\t\t<div class=\"elementor-element elementor-element-3a21e5a3 elementor-widget elementor-widget-heading\" data-id=\"3a21e5a3\" data-element_type=\"widget\" data-e-type=\"widget\" data-widget_type=\"heading.default\">\n\t\t\t\t<div class=\"elementor-widget-container\">\n\t\t\t\t\t<h4 class=\"elementor-heading-title elementor-size-default\">Finalmente di nuovo la lungimiranza<\/h4>\t\t\t\t<\/div>\n\t\t\t\t<\/div>\n\t\t\t\t\t<\/div>\n\t\t<\/div>\n\t\t\t\t<div class=\"elementor-column elementor-col-50 elementor-top-column elementor-element elementor-element-59dc21f3\" data-id=\"59dc21f3\" data-element_type=\"column\" data-e-type=\"column\">\n\t\t\t<div class=\"elementor-widget-wrap elementor-element-populated\">\n\t\t\t\t\t\t<div class=\"elementor-element elementor-element-62e5465 elementor-widget elementor-widget-text-editor\" data-id=\"62e5465\" data-element_type=\"widget\" data-e-type=\"widget\" data-widget_type=\"text-editor.default\">\n\t\t\t\t<div class=\"elementor-widget-container\">\n\t\t\t\t\t\t\t\t\t<p><strong>L&#8217;impressionante diversit\u00e0 dell&#8217;altopiano sopra Innsbruck \u00e8 rapidamente raggiunta. Grazie ai collegamenti ferroviari pi\u00f9 moderni e al trasporto regionale ben sviluppato, qui il vero relax \u00e8 possibile anche senza auto: con la sua stazione ferroviaria ICE nel centro di Seefeld, puoi andare in vacanza sulla neve molto liberamente e senza ingorghi. Arrivare e spegnere \u00e8 molto facile qui.  <\/strong><\/p><p>La variet\u00e0 locale di opportunit\u00e0 sportive e ricreative sull&#8217;altopiano \u00e8 quasi illimitata, in estate e in inverno vi aspettano vere avventure, esperienze emozionanti e rilassanti momenti di relax. Natura e divertimento sono al centro della regione di Seefeld &#8211; tra innumerevoli attivit\u00e0 e vero relax, ottima cucina ed eventi vari, 365 giorni all&#8217;anno. <\/p>\t\t\t\t\t\t\t\t<\/div>\n\t\t\t\t<\/div>\n\t\t\t\t\t<\/div>\n\t\t<\/div>\n\t\t\t\t\t<\/div>\n\t\t<\/section>\n\t\t\t\t<section class=\"elementor-section elementor-top-section elementor-element elementor-element-818adc6 elementor-section-full_width elementor-section-content-middle elementor-section-height-default elementor-section-height-default\" data-id=\"818adc6\" data-element_type=\"section\" data-e-type=\"section\">\n\t\t\t\t\t\t<div class=\"elementor-container elementor-column-gap-no\">\n\t\t\t\t\t<div class=\"elementor-column elementor-col-50 elementor-top-column elementor-element elementor-element-7cbd105\" data-id=\"7cbd105\" data-element_type=\"column\" data-e-type=\"column\">\n\t\t\t<div class=\"elementor-widget-wrap elementor-element-populated\">\n\t\t\t\t\t\t<div class=\"elementor-element elementor-element-1a291d3 elementor-widget elementor-widget-text-editor\" data-id=\"1a291d3\" data-element_type=\"widget\" data-e-type=\"widget\" data-widget_type=\"text-editor.default\">\n\t\t\t\t<div class=\"elementor-widget-container\">\n\t\t\t\t\t\t\t\t\t<p><strong>Appena arrivato.<\/strong> L&#8217;impressionante diversit\u00e0 dell&#8217;altopiano sopra Innsbruck \u00e8 rapidamente raggiunta. Grazie ai collegamenti ferroviari pi\u00f9 moderni e al trasporto regionale ben sviluppato, qui il vero relax \u00e8 possibile anche senza auto: con la sua stazione ferroviaria ICE nel centro di Seefeld, puoi andare in vacanza sulla neve molto liberamente e senza ingorghi. Arrivare e spegnere \u00e8 molto facile qui.  <\/p>\t\t\t\t\t\t\t\t<\/div>\n\t\t\t\t<\/div>\n\t\t\t\t\t<\/div>\n\t\t<\/div>\n\t\t\t\t<div class=\"elementor-column elementor-col-50 elementor-top-column elementor-element elementor-element-ab9ae1f\" data-id=\"ab9ae1f\" data-element_type=\"column\" data-e-type=\"column\" data-settings=\"{&quot;background_background&quot;:&quot;classic&quot;}\">\n\t\t\t<div class=\"elementor-widget-wrap elementor-element-populated\">\n\t\t\t\t\t<div class=\"elementor-background-overlay\"><\/div>\n\t\t\t\t\t\t<div class=\"elementor-element elementor-element-fcc4eba elementor-widget elementor-widget-heading\" data-id=\"fcc4eba\" data-element_type=\"widget\" data-e-type=\"widget\" data-widget_type=\"heading.default\">\n\t\t\t\t<div class=\"elementor-widget-container\">\n\t\t\t\t\t<h4 class=\"elementor-heading-title elementor-size-default\">Vera variet\u00e0 invernale ed estiva<\/h4>\t\t\t\t<\/div>\n\t\t\t\t<\/div>\n\t\t\t\t\t<\/div>\n\t\t<\/div>\n\t\t\t\t\t<\/div>\n\t\t<\/section>\n\t\t\t\t<section class=\"elementor-section elementor-top-section elementor-element elementor-element-3979675 elementor-section-full_width elementor-section-content-middle elementor-section-height-default elementor-section-height-default\" data-id=\"3979675\" data-element_type=\"section\" data-e-type=\"section\">\n\t\t\t\t\t\t<div class=\"elementor-container elementor-column-gap-no\">\n\t\t\t\t\t<div class=\"elementor-column elementor-col-50 elementor-top-column elementor-element elementor-element-37b0b33\" data-id=\"37b0b33\" data-element_type=\"column\" data-e-type=\"column\" data-settings=\"{&quot;background_background&quot;:&quot;classic&quot;}\">\n\t\t\t<div class=\"elementor-widget-wrap elementor-element-populated\">\n\t\t\t\t\t<div class=\"elementor-background-overlay\"><\/div>\n\t\t\t\t\t\t<div class=\"elementor-element elementor-element-74af66f elementor-widget elementor-widget-heading\" data-id=\"74af66f\" data-element_type=\"widget\" data-e-type=\"widget\" data-widget_type=\"heading.default\">\n\t\t\t\t<div class=\"elementor-widget-container\">\n\t\t\t\t\t<h4 class=\"elementor-heading-title elementor-size-default\">Le vacanze attive incontrano il relax.<\/h4>\t\t\t\t<\/div>\n\t\t\t\t<\/div>\n\t\t\t\t\t<\/div>\n\t\t<\/div>\n\t\t\t\t<div class=\"elementor-column elementor-col-50 elementor-top-column elementor-element elementor-element-1dfe06b\" data-id=\"1dfe06b\" data-element_type=\"column\" data-e-type=\"column\">\n\t\t\t<div class=\"elementor-widget-wrap elementor-element-populated\">\n\t\t\t\t\t\t<div class=\"elementor-element elementor-element-22b86a9 elementor-widget elementor-widget-text-editor\" data-id=\"22b86a9\" data-element_type=\"widget\" data-e-type=\"widget\" data-widget_type=\"text-editor.default\">\n\t\t\t\t<div class=\"elementor-widget-container\">\n\t\t\t\t\t\t\t\t\t<p><strong>Molto pi\u00f9 delle Olimpiadi.<\/strong> 64, 76, 2012. La fiamma olimpica \u00e8 arrivata tre volte a Seefeld. Seguirono Campionati del Mondo, Coppe del Mondo e molti ritiri nordici. Non a caso, poich\u00e9 l&#8217;ospitalit\u00e0 e gli sport invernali sono tradizionalmente radicati nella regione. Cos\u00ec profondo che Olympia divenne persino parte del nome per decenni. Ma l&#8217;altopiano del Tirolo \u00e8 molto di pi\u00f9! La regione \u00e8 troppo varia, troppo unica per essere ridotta a una stazione di sport invernali. Perch\u00e9 anche quando l&#8217;incendio si spegne, le persone sull&#8217;altopiano continuano a bruciare per tutto ci\u00f2 che definisce davvero la regione, in qualsiasi momento dell&#8217;anno. Ci\u00f2 che rimane \u00e8 la variet\u00e0 quasi infinita di strutture sportive e ricreative per ospiti esigenti di tutte le et\u00e0. Da maggio 2022 la regione ha quindi un nuovo nome: Siamo la regione di Seefeld, l&#8217;altopiano del Tirolo. Benvenuti a 1.200 metri, dove la vera diversit\u00e0 attende!          <\/p>\t\t\t\t\t\t\t\t<\/div>\n\t\t\t\t<\/div>\n\t\t\t\t\t<\/div>\n\t\t<\/div>\n\t\t\t\t\t<\/div>\n\t\t<\/section>\n\t\t\t\t<\/div>\n\t\t","protected":false},"excerpt":{"rendered":"<p>VERO VARIET\u00c0 INVERNALE ED ESTIVONELLA REGIONE DEL SEEFELD \u2013 ALTOPIANTO A 1.200 METRI Vacanza spensierata nella regione di Seefeld Nella regione di Seefeld, le Alpi sono davvero uniche: incorniciano la natura invece di accoglierla. Qui il paesaggio si apre dalla soleggiata Zugspitze a sud, lasciando spazio alla diversit\u00e0 naturale e alla vera gioia di vivere. [&hellip;]<\/p>\n","protected":false},"author":1,"featured_media":1625,"parent":0,"menu_order":0,"comment_status":"closed","ping_status":"closed","template":"","meta":{"footnotes":""},"class_list":["post-3039","page","type-page","status-publish","has-post-thumbnail","hentry"],"yoast_head":"<!-- This site is optimized with the Yoast SEO plugin v26.9 - https:\/\/yoast.com\/product\/yoast-seo-wordpress\/ -->\n<title>Regione di Seefeld - Hotel Central Seefeld in Tirol - 4 Sterne Hotel<\/title>\n<meta name=\"robots\" content=\"index, follow, max-snippet:-1, max-image-preview:large, max-video-preview:-1\" \/>\n<link rel=\"canonical\" href=\"https:\/\/central-seefeld.at\/it\/regione-di-seefeld\/\" \/>\n<meta property=\"og:locale\" content=\"it_IT\" \/>\n<meta property=\"og:type\" content=\"article\" \/>\n<meta property=\"og:title\" content=\"Regione di Seefeld - Hotel Central Seefeld in Tirol - 4 Sterne Hotel\" \/>\n<meta property=\"og:description\" content=\"VERO VARIET\u00c0 INVERNALE ED ESTIVONELLA REGIONE DEL SEEFELD \u2013 ALTOPIANTO A 1.200 METRI Vacanza spensierata nella regione di Seefeld Nella regione di Seefeld, le Alpi sono davvero uniche: incorniciano la natura invece di accoglierla. Qui il paesaggio si apre dalla soleggiata Zugspitze a sud, lasciando spazio alla diversit\u00e0 naturale e alla vera gioia di vivere. [&hellip;]\" \/>\n<meta property=\"og:url\" content=\"https:\/\/central-seefeld.at\/it\/regione-di-seefeld\/\" \/>\n<meta property=\"og:site_name\" content=\"Hotel Central Seefeld in Tirol - 4 Sterne Hotel\" \/>\n<meta property=\"article:publisher\" content=\"https:\/\/www.facebook.com\/central.seefeld\/\" \/>\n<meta property=\"article:modified_time\" content=\"2022-06-21T17:43:23+00:00\" \/>\n<meta property=\"og:image\" content=\"https:\/\/central-seefeld.at\/wp-content\/uploads\/Familie-beim-Wandern-am-Kaltwassersee-Seefeld-2.jpg\" \/>\n\t<meta property=\"og:image:width\" content=\"1500\" \/>\n\t<meta property=\"og:image:height\" content=\"1000\" \/>\n\t<meta property=\"og:image:type\" content=\"image\/jpeg\" \/>\n<meta name=\"twitter:card\" content=\"summary_large_image\" \/>\n<meta name=\"twitter:label1\" content=\"Tempo di lettura stimato\" \/>\n\t<meta name=\"twitter:data1\" content=\"2 minuti\" \/>\n<script type=\"application\/ld+json\" class=\"yoast-schema-graph\">{\"@context\":\"https:\/\/schema.org\",\"@graph\":[{\"@type\":\"WebPage\",\"@id\":\"https:\/\/central-seefeld.at\/it\/regione-di-seefeld\/\",\"url\":\"https:\/\/central-seefeld.at\/it\/regione-di-seefeld\/\",\"name\":\"Regione di Seefeld - Hotel Central Seefeld in Tirol - 4 Sterne Hotel\",\"isPartOf\":{\"@id\":\"https:\/\/central-seefeld.at\/#website\"},\"primaryImageOfPage\":{\"@id\":\"https:\/\/central-seefeld.at\/it\/regione-di-seefeld\/#primaryimage\"},\"image\":{\"@id\":\"https:\/\/central-seefeld.at\/it\/regione-di-seefeld\/#primaryimage\"},\"thumbnailUrl\":\"https:\/\/central-seefeld.at\/wp-content\/uploads\/Familie-beim-Wandern-am-Kaltwassersee-Seefeld-2.jpg\",\"datePublished\":\"2022-04-16T09:56:05+00:00\",\"dateModified\":\"2022-06-21T17:43:23+00:00\",\"breadcrumb\":{\"@id\":\"https:\/\/central-seefeld.at\/it\/regione-di-seefeld\/#breadcrumb\"},\"inLanguage\":\"it-IT\",\"potentialAction\":[{\"@type\":\"ReadAction\",\"target\":[\"https:\/\/central-seefeld.at\/it\/regione-di-seefeld\/\"]}]},{\"@type\":\"ImageObject\",\"inLanguage\":\"it-IT\",\"@id\":\"https:\/\/central-seefeld.at\/it\/regione-di-seefeld\/#primaryimage\",\"url\":\"https:\/\/central-seefeld.at\/wp-content\/uploads\/Familie-beim-Wandern-am-Kaltwassersee-Seefeld-2.jpg\",\"contentUrl\":\"https:\/\/central-seefeld.at\/wp-content\/uploads\/Familie-beim-Wandern-am-Kaltwassersee-Seefeld-2.jpg\",\"width\":1500,\"height\":1000,\"caption\":\"Familien Sommer Shooting in der Olympiaregion Seefeld 2020\"},{\"@type\":\"BreadcrumbList\",\"@id\":\"https:\/\/central-seefeld.at\/it\/regione-di-seefeld\/#breadcrumb\",\"itemListElement\":[{\"@type\":\"ListItem\",\"position\":1,\"name\":\"Startseite\",\"item\":\"https:\/\/central-seefeld.at\/it\/hotel-central-a-seefeld-in-tirol\/\"},{\"@type\":\"ListItem\",\"position\":2,\"name\":\"Regione di Seefeld\"}]},{\"@type\":\"WebSite\",\"@id\":\"https:\/\/central-seefeld.at\/#website\",\"url\":\"https:\/\/central-seefeld.at\/\",\"name\":\"Hotel Central Seefeld in Tirol - 4 Sterne Hotel\",\"description\":\"\",\"publisher\":{\"@id\":\"https:\/\/central-seefeld.at\/#organization\"},\"potentialAction\":[{\"@type\":\"SearchAction\",\"target\":{\"@type\":\"EntryPoint\",\"urlTemplate\":\"https:\/\/central-seefeld.at\/?s={search_term_string}\"},\"query-input\":{\"@type\":\"PropertyValueSpecification\",\"valueRequired\":true,\"valueName\":\"search_term_string\"}}],\"inLanguage\":\"it-IT\"},{\"@type\":\"Organization\",\"@id\":\"https:\/\/central-seefeld.at\/#organization\",\"name\":\"Hotel Central Seefeld in Tirol\",\"url\":\"https:\/\/central-seefeld.at\/\",\"logo\":{\"@type\":\"ImageObject\",\"inLanguage\":\"it-IT\",\"@id\":\"https:\/\/central-seefeld.at\/#\/schema\/logo\/image\/\",\"url\":\"https:\/\/central-seefeld.com\/wp-content\/uploads\/hotel-central-seefeld-logo.svg\",\"contentUrl\":\"https:\/\/central-seefeld.com\/wp-content\/uploads\/hotel-central-seefeld-logo.svg\",\"width\":132,\"height\":64,\"caption\":\"Hotel Central Seefeld in Tirol\"},\"image\":{\"@id\":\"https:\/\/central-seefeld.at\/#\/schema\/logo\/image\/\"},\"sameAs\":[\"https:\/\/www.facebook.com\/central.seefeld\/\",\"https:\/\/www.instagram.com\/hotelcentralseefeld\/\"]}]}<\/script>\n<!-- \/ Yoast SEO plugin. -->","yoast_head_json":{"title":"Regione di Seefeld - Hotel Central Seefeld in Tirol - 4 Sterne Hotel","robots":{"index":"index","follow":"follow","max-snippet":"max-snippet:-1","max-image-preview":"max-image-preview:large","max-video-preview":"max-video-preview:-1"},"canonical":"https:\/\/central-seefeld.at\/it\/regione-di-seefeld\/","og_locale":"it_IT","og_type":"article","og_title":"Regione di Seefeld - Hotel Central Seefeld in Tirol - 4 Sterne Hotel","og_description":"VERO VARIET\u00c0 INVERNALE ED ESTIVONELLA REGIONE DEL SEEFELD \u2013 ALTOPIANTO A 1.200 METRI Vacanza spensierata nella regione di Seefeld Nella regione di Seefeld, le Alpi sono davvero uniche: incorniciano la natura invece di accoglierla. Qui il paesaggio si apre dalla soleggiata Zugspitze a sud, lasciando spazio alla diversit\u00e0 naturale e alla vera gioia di vivere. [&hellip;]","og_url":"https:\/\/central-seefeld.at\/it\/regione-di-seefeld\/","og_site_name":"Hotel Central Seefeld in Tirol - 4 Sterne Hotel","article_publisher":"https:\/\/www.facebook.com\/central.seefeld\/","article_modified_time":"2022-06-21T17:43:23+00:00","og_image":[{"width":1500,"height":1000,"url":"https:\/\/central-seefeld.at\/wp-content\/uploads\/Familie-beim-Wandern-am-Kaltwassersee-Seefeld-2.jpg","type":"image\/jpeg"}],"twitter_card":"summary_large_image","twitter_misc":{"Tempo di lettura stimato":"2 minuti"},"schema":{"@context":"https:\/\/schema.org","@graph":[{"@type":"WebPage","@id":"https:\/\/central-seefeld.at\/it\/regione-di-seefeld\/","url":"https:\/\/central-seefeld.at\/it\/regione-di-seefeld\/","name":"Regione di Seefeld - Hotel Central Seefeld in Tirol - 4 Sterne Hotel","isPartOf":{"@id":"https:\/\/central-seefeld.at\/#website"},"primaryImageOfPage":{"@id":"https:\/\/central-seefeld.at\/it\/regione-di-seefeld\/#primaryimage"},"image":{"@id":"https:\/\/central-seefeld.at\/it\/regione-di-seefeld\/#primaryimage"},"thumbnailUrl":"https:\/\/central-seefeld.at\/wp-content\/uploads\/Familie-beim-Wandern-am-Kaltwassersee-Seefeld-2.jpg","datePublished":"2022-04-16T09:56:05+00:00","dateModified":"2022-06-21T17:43:23+00:00","breadcrumb":{"@id":"https:\/\/central-seefeld.at\/it\/regione-di-seefeld\/#breadcrumb"},"inLanguage":"it-IT","potentialAction":[{"@type":"ReadAction","target":["https:\/\/central-seefeld.at\/it\/regione-di-seefeld\/"]}]},{"@type":"ImageObject","inLanguage":"it-IT","@id":"https:\/\/central-seefeld.at\/it\/regione-di-seefeld\/#primaryimage","url":"https:\/\/central-seefeld.at\/wp-content\/uploads\/Familie-beim-Wandern-am-Kaltwassersee-Seefeld-2.jpg","contentUrl":"https:\/\/central-seefeld.at\/wp-content\/uploads\/Familie-beim-Wandern-am-Kaltwassersee-Seefeld-2.jpg","width":1500,"height":1000,"caption":"Familien Sommer Shooting in der Olympiaregion Seefeld 2020"},{"@type":"BreadcrumbList","@id":"https:\/\/central-seefeld.at\/it\/regione-di-seefeld\/#breadcrumb","itemListElement":[{"@type":"ListItem","position":1,"name":"Startseite","item":"https:\/\/central-seefeld.at\/it\/hotel-central-a-seefeld-in-tirol\/"},{"@type":"ListItem","position":2,"name":"Regione di Seefeld"}]},{"@type":"WebSite","@id":"https:\/\/central-seefeld.at\/#website","url":"https:\/\/central-seefeld.at\/","name":"Hotel Central Seefeld in Tirol - 4 Sterne Hotel","description":"","publisher":{"@id":"https:\/\/central-seefeld.at\/#organization"},"potentialAction":[{"@type":"SearchAction","target":{"@type":"EntryPoint","urlTemplate":"https:\/\/central-seefeld.at\/?s={search_term_string}"},"query-input":{"@type":"PropertyValueSpecification","valueRequired":true,"valueName":"search_term_string"}}],"inLanguage":"it-IT"},{"@type":"Organization","@id":"https:\/\/central-seefeld.at\/#organization","name":"Hotel Central Seefeld in Tirol","url":"https:\/\/central-seefeld.at\/","logo":{"@type":"ImageObject","inLanguage":"it-IT","@id":"https:\/\/central-seefeld.at\/#\/schema\/logo\/image\/","url":"https:\/\/central-seefeld.com\/wp-content\/uploads\/hotel-central-seefeld-logo.svg","contentUrl":"https:\/\/central-seefeld.com\/wp-content\/uploads\/hotel-central-seefeld-logo.svg","width":132,"height":64,"caption":"Hotel Central Seefeld in Tirol"},"image":{"@id":"https:\/\/central-seefeld.at\/#\/schema\/logo\/image\/"},"sameAs":["https:\/\/www.facebook.com\/central.seefeld\/","https:\/\/www.instagram.com\/hotelcentralseefeld\/"]}]}},"_links":{"self":[{"href":"https:\/\/central-seefeld.at\/it\/wp-json\/wp\/v2\/pages\/3039","targetHints":{"allow":["GET"]}}],"collection":[{"href":"https:\/\/central-seefeld.at\/it\/wp-json\/wp\/v2\/pages"}],"about":[{"href":"https:\/\/central-seefeld.at\/it\/wp-json\/wp\/v2\/types\/page"}],"author":[{"embeddable":true,"href":"https:\/\/central-seefeld.at\/it\/wp-json\/wp\/v2\/users\/1"}],"replies":[{"embeddable":true,"href":"https:\/\/central-seefeld.at\/it\/wp-json\/wp\/v2\/comments?post=3039"}],"version-history":[{"count":3,"href":"https:\/\/central-seefeld.at\/it\/wp-json\/wp\/v2\/pages\/3039\/revisions"}],"predecessor-version":[{"id":3042,"href":"https:\/\/central-seefeld.at\/it\/wp-json\/wp\/v2\/pages\/3039\/revisions\/3042"}],"wp:featuredmedia":[{"embeddable":true,"href":"https:\/\/central-seefeld.at\/it\/wp-json\/wp\/v2\/media\/1625"}],"wp:attachment":[{"href":"https:\/\/central-seefeld.at\/it\/wp-json\/wp\/v2\/media?parent=3039"}],"curies":[{"name":"wp","href":"https:\/\/api.w.org\/{rel}","templated":true}]}}